{"id":8195,"date":"2021-04-01T11:54:15","date_gmt":"2021-04-01T17:54:15","guid":{"rendered":"https:\/\/seglodim.com.mx\/wp\/?post_type=product&#038;p=8195"},"modified":"2025-05-27T14:52:44","modified_gmt":"2025-05-27T20:52:44","slug":"filtro-de-repuesto-polvos-y-particulas-pretul","status":"publish","type":"product","link":"https:\/\/seglodim.com.mx\/wp\/producto\/filtro-de-repuesto-polvos-y-particulas-pretul\/","title":{"rendered":"FILTRO DE REPUESTO, POLVOS Y PART\u00cdCULAS, PRETUL"},"content":{"rendered":"<section id=\"usos\">\n<div>\n<h2>APLICACIONES<\/h2>\n<hr class=\"feature\" \/>\n<ul class=\"list-features fa-ul\">\n<li><i class=\"fas fa-caret-right\"><\/i>Para la industria sider\u00fargica, cementara, construcci\u00f3n, carpinter\u00eda, miner\u00eda y aplicaci\u00f3n de pinturas electrost\u00e1ticas<\/li>\n<li><i class=\"fas fa-caret-right\"><\/i>Para polvos y part\u00edculas<\/li>\n<li><i class=\"fas fa-caret-right\"><\/i>Para usarse en respiradores RES-1-P y RES-2-P para marca PRETUL<\/li>\n<\/ul>\n<\/div>\n<\/section>\n<section id=\"cuidados\">\n<div>\n<h2>CUIDADOS<\/h2>\n<hr class=\"feature\" \/>\n<ul class=\"list-features fa-ul\">\n<li><i class=\"fas fa-caret-right\"><\/i>Almacenar a una temperatura entre -10 \u00b0C y 50 \u00b0C con una humedad no mayor a 90%<\/li>\n<\/ul>\n<p style=\"text-align: center;\"><span style=\"color: #0000ff;\"><a style=\"color: #0000ff;\" href=\"https:\/\/seglodim.com.mx\/wp\/wp-content\/uploads\/2021\/04\/23393.pdf\">Boletin tecnico<\/a><\/span><\/p>\n<\/div>\n<\/section>\n","protected":false},"excerpt":{"rendered":"<h2><strong>CARACTER\u00cdSTICAS<\/strong><\/h2>\n<hr class=\"feature\" \/>\n<ul class=\"list-features fa-ul\">\n<li><i class=\"fas fa-caret-right\"><\/i>Filtro tipo N, (no resistente a part\u00edculas aceitosas)<\/li>\n<li><i class=\"fas fa-caret-right\"><\/i>Eficiencia de filtrado del 90%<\/li>\n<li><i class=\"fas fa-caret-right\"><\/i>Filtro N90<\/li>\n<\/ul>\n","protected":false},"featured_media":8197,"comment_status":"open","ping_status":"closed","template":"","meta":[],"product_brand":[],"product_cat":[196],"product_tag":[3190,2925,1065,212],"class_list":{"0":"post-8195","1":"product","2":"type-product","3":"status-publish","4":"has-post-thumbnail","6":"product_cat-seguridad-industrial","7":"product_tag-3190","8":"product_tag-clave-cf-po-p","9":"product_tag-pretul","10":"product_tag-truper","12":"first","13":"instock","14":"taxable","15":"shipping-taxable","16":"purchasable","17":"product-type-simple"},"supplier_id":null,"supplier_sku":"","barcode":null,"atum_controlled":true,"out_stock_date":null,"out_stock_threshold":null,"inheritable":false,"inbound_stock":0,"stock_on_hold":0,"sold_today":0,"sales_last_days":0,"reserved_stock":0,"customer_returns":0,"warehouse_damage":0,"lost_in_post":0,"other_logs":0,"out_stock_days":0,"lost_sales":0,"has_location":false,"update_date":"2026-04-16T00:33:52","atum_locations":[],"atum_stock_status":"instock","restock_status":false,"low_stock_amount":"","sales_update_date":"2026-04-16T00:33:52","calc_backorders":null,"yoast_head":"<!-- This site is optimized with the Yoast SEO plugin v27.2 - https:\/\/yoast.com\/product\/yoast-seo-wordpress\/ -->\n<title>FILTRO DE REPUESTO, POLVOS Y PART\u00cdCULAS, PRETUL - Seglodim<\/title>\n<meta name=\"robots\" content=\"index, follow, max-snippet:-1, max-image-preview:large, max-video-preview:-1\" \/>\n<link rel=\"canonical\" href=\"https:\/\/seglodim.com.mx\/wp\/producto\/filtro-de-repuesto-polvos-y-particulas-pretul\/\" \/>\n<meta property=\"og:locale\" content=\"es_MX\" \/>\n<meta property=\"og:type\" content=\"article\" \/>\n<meta property=\"og:title\" content=\"FILTRO DE REPUESTO, POLVOS Y PART\u00cdCULAS, PRETUL - Seglodim\" \/>\n<meta property=\"og:description\" content=\"CARACTER\u00cdSTICAS      Filtro tipo N, (no resistente a part\u00edculas aceitosas)  Eficiencia de filtrado del 90%  Filtro N90\" \/>\n<meta property=\"og:url\" content=\"https:\/\/seglodim.com.mx\/wp\/producto\/filtro-de-repuesto-polvos-y-particulas-pretul\/\" \/>\n<meta property=\"og:site_name\" content=\"Seglodim\" \/>\n<meta property=\"article:publisher\" content=\"https:\/\/www.facebook.com\/seglodim.sa.5\" \/>\n<meta property=\"article:modified_time\" content=\"2025-05-27T20:52:44+00:00\" \/>\n<meta property=\"og:image\" content=\"https:\/\/seglodim.com.mx\/wp\/wp-content\/uploads\/2021\/04\/CF-PO-P.jpg\" \/>\n\t<meta property=\"og:image:width\" content=\"1800\" \/>\n\t<meta property=\"og:image:height\" content=\"1800\" \/>\n\t<meta property=\"og:image:type\" content=\"image\/jpeg\" \/>\n<meta name=\"twitter:card\" content=\"summary_large_image\" \/>\n<script type=\"application\/ld+json\" class=\"yoast-schema-graph\">{\"@context\":\"https:\/\/schema.org\",\"@graph\":[{\"@type\":\"WebPage\",\"@id\":\"https:\/\/seglodim.com.mx\/wp\/producto\/filtro-de-repuesto-polvos-y-particulas-pretul\/\",\"url\":\"https:\/\/seglodim.com.mx\/wp\/producto\/filtro-de-repuesto-polvos-y-particulas-pretul\/\",\"name\":\"FILTRO DE REPUESTO, POLVOS Y PART\u00cdCULAS, PRETUL - Seglodim\",\"isPartOf\":{\"@id\":\"https:\/\/seglodim.com.mx\/wp\/#website\"},\"primaryImageOfPage\":{\"@id\":\"https:\/\/seglodim.com.mx\/wp\/producto\/filtro-de-repuesto-polvos-y-particulas-pretul\/#primaryimage\"},\"image\":{\"@id\":\"https:\/\/seglodim.com.mx\/wp\/producto\/filtro-de-repuesto-polvos-y-particulas-pretul\/#primaryimage\"},\"thumbnailUrl\":\"https:\/\/seglodim.com.mx\/wp\/wp-content\/uploads\/2021\/04\/CF-PO-P.jpg\",\"datePublished\":\"2021-04-01T17:54:15+00:00\",\"dateModified\":\"2025-05-27T20:52:44+00:00\",\"breadcrumb\":{\"@id\":\"https:\/\/seglodim.com.mx\/wp\/producto\/filtro-de-repuesto-polvos-y-particulas-pretul\/#breadcrumb\"},\"inLanguage\":\"es\",\"potentialAction\":[{\"@type\":\"ReadAction\",\"target\":[\"https:\/\/seglodim.com.mx\/wp\/producto\/filtro-de-repuesto-polvos-y-particulas-pretul\/\"]}]},{\"@type\":\"ImageObject\",\"inLanguage\":\"es\",\"@id\":\"https:\/\/seglodim.com.mx\/wp\/producto\/filtro-de-repuesto-polvos-y-particulas-pretul\/#primaryimage\",\"url\":\"https:\/\/seglodim.com.mx\/wp\/wp-content\/uploads\/2021\/04\/CF-PO-P.jpg\",\"contentUrl\":\"https:\/\/seglodim.com.mx\/wp\/wp-content\/uploads\/2021\/04\/CF-PO-P.jpg\",\"width\":1800,\"height\":1800},{\"@type\":\"BreadcrumbList\",\"@id\":\"https:\/\/seglodim.com.mx\/wp\/producto\/filtro-de-repuesto-polvos-y-particulas-pretul\/#breadcrumb\",\"itemListElement\":[{\"@type\":\"ListItem\",\"position\":1,\"name\":\"Inicio\",\"item\":\"https:\/\/seglodim.com.mx\/wp\/\"},{\"@type\":\"ListItem\",\"position\":2,\"name\":\"Tienda\",\"item\":\"https:\/\/seglodim.com.mx\/wp\/tienda\/\"},{\"@type\":\"ListItem\",\"position\":3,\"name\":\"FILTRO DE REPUESTO, POLVOS Y PART\u00cdCULAS, PRETUL\"}]},{\"@type\":\"WebSite\",\"@id\":\"https:\/\/seglodim.com.mx\/wp\/#website\",\"url\":\"https:\/\/seglodim.com.mx\/wp\/\",\"name\":\"Seglodim\",\"description\":\"Seglodim\",\"publisher\":{\"@id\":\"https:\/\/seglodim.com.mx\/wp\/#organization\"},\"potentialAction\":[{\"@type\":\"SearchAction\",\"target\":{\"@type\":\"EntryPoint\",\"urlTemplate\":\"https:\/\/seglodim.com.mx\/wp\/?s={search_term_string}\"},\"query-input\":{\"@type\":\"PropertyValueSpecification\",\"valueRequired\":true,\"valueName\":\"search_term_string\"}}],\"inLanguage\":\"es\"},{\"@type\":\"Organization\",\"@id\":\"https:\/\/seglodim.com.mx\/wp\/#organization\",\"name\":\"seglodim\",\"url\":\"https:\/\/seglodim.com.mx\/wp\/\",\"logo\":{\"@type\":\"ImageObject\",\"inLanguage\":\"es\",\"@id\":\"https:\/\/seglodim.com.mx\/wp\/#\/schema\/logo\/image\/\",\"url\":\"https:\/\/seglodim.com.mx\/wp\/wp-content\/uploads\/2020\/09\/segloim-consombra.png\",\"contentUrl\":\"https:\/\/seglodim.com.mx\/wp\/wp-content\/uploads\/2020\/09\/segloim-consombra.png\",\"width\":647,\"height\":259,\"caption\":\"seglodim\"},\"image\":{\"@id\":\"https:\/\/seglodim.com.mx\/wp\/#\/schema\/logo\/image\/\"},\"sameAs\":[\"https:\/\/www.facebook.com\/seglodim.sa.5\"]}]}<\/script>\n<!-- \/ Yoast SEO plugin. -->","yoast_head_json":{"title":"FILTRO DE REPUESTO, POLVOS Y PART\u00cdCULAS, PRETUL - Seglodim","robots":{"index":"index","follow":"follow","max-snippet":"max-snippet:-1","max-image-preview":"max-image-preview:large","max-video-preview":"max-video-preview:-1"},"canonical":"https:\/\/seglodim.com.mx\/wp\/producto\/filtro-de-repuesto-polvos-y-particulas-pretul\/","og_locale":"es_MX","og_type":"article","og_title":"FILTRO DE REPUESTO, POLVOS Y PART\u00cdCULAS, PRETUL - Seglodim","og_description":"CARACTER\u00cdSTICAS      Filtro tipo N, (no resistente a part\u00edculas aceitosas)  Eficiencia de filtrado del 90%  Filtro N90","og_url":"https:\/\/seglodim.com.mx\/wp\/producto\/filtro-de-repuesto-polvos-y-particulas-pretul\/","og_site_name":"Seglodim","article_publisher":"https:\/\/www.facebook.com\/seglodim.sa.5","article_modified_time":"2025-05-27T20:52:44+00:00","og_image":[{"width":1800,"height":1800,"url":"https:\/\/seglodim.com.mx\/wp\/wp-content\/uploads\/2021\/04\/CF-PO-P.jpg","type":"image\/jpeg"}],"twitter_card":"summary_large_image","schema":{"@context":"https:\/\/schema.org","@graph":[{"@type":"WebPage","@id":"https:\/\/seglodim.com.mx\/wp\/producto\/filtro-de-repuesto-polvos-y-particulas-pretul\/","url":"https:\/\/seglodim.com.mx\/wp\/producto\/filtro-de-repuesto-polvos-y-particulas-pretul\/","name":"FILTRO DE REPUESTO, POLVOS Y PART\u00cdCULAS, PRETUL - Seglodim","isPartOf":{"@id":"https:\/\/seglodim.com.mx\/wp\/#website"},"primaryImageOfPage":{"@id":"https:\/\/seglodim.com.mx\/wp\/producto\/filtro-de-repuesto-polvos-y-particulas-pretul\/#primaryimage"},"image":{"@id":"https:\/\/seglodim.com.mx\/wp\/producto\/filtro-de-repuesto-polvos-y-particulas-pretul\/#primaryimage"},"thumbnailUrl":"https:\/\/seglodim.com.mx\/wp\/wp-content\/uploads\/2021\/04\/CF-PO-P.jpg","datePublished":"2021-04-01T17:54:15+00:00","dateModified":"2025-05-27T20:52:44+00:00","breadcrumb":{"@id":"https:\/\/seglodim.com.mx\/wp\/producto\/filtro-de-repuesto-polvos-y-particulas-pretul\/#breadcrumb"},"inLanguage":"es","potentialAction":[{"@type":"ReadAction","target":["https:\/\/seglodim.com.mx\/wp\/producto\/filtro-de-repuesto-polvos-y-particulas-pretul\/"]}]},{"@type":"ImageObject","inLanguage":"es","@id":"https:\/\/seglodim.com.mx\/wp\/producto\/filtro-de-repuesto-polvos-y-particulas-pretul\/#primaryimage","url":"https:\/\/seglodim.com.mx\/wp\/wp-content\/uploads\/2021\/04\/CF-PO-P.jpg","contentUrl":"https:\/\/seglodim.com.mx\/wp\/wp-content\/uploads\/2021\/04\/CF-PO-P.jpg","width":1800,"height":1800},{"@type":"BreadcrumbList","@id":"https:\/\/seglodim.com.mx\/wp\/producto\/filtro-de-repuesto-polvos-y-particulas-pretul\/#breadcrumb","itemListElement":[{"@type":"ListItem","position":1,"name":"Inicio","item":"https:\/\/seglodim.com.mx\/wp\/"},{"@type":"ListItem","position":2,"name":"Tienda","item":"https:\/\/seglodim.com.mx\/wp\/tienda\/"},{"@type":"ListItem","position":3,"name":"FILTRO DE REPUESTO, POLVOS Y PART\u00cdCULAS, PRETUL"}]},{"@type":"WebSite","@id":"https:\/\/seglodim.com.mx\/wp\/#website","url":"https:\/\/seglodim.com.mx\/wp\/","name":"Seglodim","description":"Seglodim","publisher":{"@id":"https:\/\/seglodim.com.mx\/wp\/#organization"},"potentialAction":[{"@type":"SearchAction","target":{"@type":"EntryPoint","urlTemplate":"https:\/\/seglodim.com.mx\/wp\/?s={search_term_string}"},"query-input":{"@type":"PropertyValueSpecification","valueRequired":true,"valueName":"search_term_string"}}],"inLanguage":"es"},{"@type":"Organization","@id":"https:\/\/seglodim.com.mx\/wp\/#organization","name":"seglodim","url":"https:\/\/seglodim.com.mx\/wp\/","logo":{"@type":"ImageObject","inLanguage":"es","@id":"https:\/\/seglodim.com.mx\/wp\/#\/schema\/logo\/image\/","url":"https:\/\/seglodim.com.mx\/wp\/wp-content\/uploads\/2020\/09\/segloim-consombra.png","contentUrl":"https:\/\/seglodim.com.mx\/wp\/wp-content\/uploads\/2020\/09\/segloim-consombra.png","width":647,"height":259,"caption":"seglodim"},"image":{"@id":"https:\/\/seglodim.com.mx\/wp\/#\/schema\/logo\/image\/"},"sameAs":["https:\/\/www.facebook.com\/seglodim.sa.5"]}]}},"_links":{"self":[{"href":"https:\/\/seglodim.com.mx\/wp\/wp-json\/wp\/v2\/product\/8195","targetHints":{"allow":["GET"]}}],"collection":[{"href":"https:\/\/seglodim.com.mx\/wp\/wp-json\/wp\/v2\/product"}],"about":[{"href":"https:\/\/seglodim.com.mx\/wp\/wp-json\/wp\/v2\/types\/product"}],"replies":[{"embeddable":true,"href":"https:\/\/seglodim.com.mx\/wp\/wp-json\/wp\/v2\/comments?post=8195"}],"wp:featuredmedia":[{"embeddable":true,"href":"https:\/\/seglodim.com.mx\/wp\/wp-json\/wp\/v2\/media\/8197"}],"wp:attachment":[{"href":"https:\/\/seglodim.com.mx\/wp\/wp-json\/wp\/v2\/media?parent=8195"}],"wp:term":[{"taxonomy":"product_brand","embeddable":true,"href":"https:\/\/seglodim.com.mx\/wp\/wp-json\/wp\/v2\/product_brand?post=8195"},{"taxonomy":"product_cat","embeddable":true,"href":"https:\/\/seglodim.com.mx\/wp\/wp-json\/wp\/v2\/product_cat?post=8195"},{"taxonomy":"product_tag","embeddable":true,"href":"https:\/\/seglodim.com.mx\/wp\/wp-json\/wp\/v2\/product_tag?post=8195"}],"curies":[{"name":"wp","href":"https:\/\/api.w.org\/{rel}","templated":true}]}}