{"id":8111,"date":"2021-03-31T10:53:55","date_gmt":"2021-03-31T16:53:55","guid":{"rendered":"https:\/\/seglodim.com.mx\/wp\/?post_type=product&#038;p=8111"},"modified":"2023-01-23T13:44:11","modified_gmt":"2023-01-23T19:44:11","slug":"vetacolor-8-anos","status":"publish","type":"product","link":"https:\/\/seglodim.com.mx\/wp\/producto\/vetacolor-8-anos\/","title":{"rendered":"VETACOLOR \/ Acabado decorativo. Imitaci\u00f3n M\u00e1rmol"},"content":{"rendered":"<p><strong>DESCRIPCI\u00d3N<\/strong><br \/>\n<strong>VETACOLOR<\/strong>\u00a0es un recubrimiento decorativo de acabado brillante stucco veneciano, sus tonos veteados nos dan una excelente y bella imitaci\u00f3n de m\u00e1rmol en cualquier color.\u00a0<strong>VETACOLOR<\/strong>\u00a0est\u00e1 fabricado con resinas acr\u00edlicas, pigmentos y qu\u00edmicos espec\u00edficos.<\/p>\n<p><strong>USOS<\/strong><br \/>\n<strong>VETACOLOR\u00a0<\/strong>como recubrimiento decorativo de elegante apariencia. Se utiliza sobre superficies perfectamente lisas como yeso, aplanados, tablaroca, etc.<\/p>\n<p><strong>VENTAJAS<\/strong><\/p>\n<ul>\n<li>Acabado terso de tipo stucco veneciano.<\/li>\n<li>Vetas lisas de imitaci\u00f3n al m\u00e1rmol.<\/li>\n<li>Buena adherencia.<\/li>\n<li>Excelente brillo al pulir.<\/li>\n<li>Su aplicaci\u00f3n no requiere de equipo o herramientas sofisticadas.<\/li>\n<li>F\u00e1cil aplicaci\u00f3n.<\/li>\n<li>No se decolora ni se desprende.<\/li>\n<li>No es t\u00f3xico ni crea hongos.<\/li>\n<li>Libre de solventes.<\/li>\n<\/ul>\n<p style=\"text-align: center;\"><span style=\"color: #0000ff;\"><a style=\"color: #0000ff;\" href=\"https:\/\/seglodim.com.mx\/wp\/wp-content\/uploads\/2021\/03\/vetacolor.pdf\">Boletin tecnico<\/a><\/span><\/p>\n","protected":false},"excerpt":{"rendered":"<div class=\"elementor-element elementor-element-27fd2ee8 elementor-widget elementor-widget-heading\" data-id=\"27fd2ee8\" data-element_type=\"widget\" data-widget_type=\"heading.default\">\n<div class=\"elementor-widget-container\">\n<h2 class=\"elementor-heading-title elementor-size-default\">VETACOLOR 8 A\u00d1OS<\/h2>\n<\/div>\n<\/div>\n<section class=\"elementor-section elementor-inner-section elementor-element elementor-element-5956a7c1 elementor-section-boxed elementor-section-height-default elementor-section-height-default\" data-id=\"5956a7c1\" data-element_type=\"section\">\n<div class=\"elementor-container elementor-column-gap-default\">\n<div class=\"elementor-row\">\n<div class=\"elementor-column elementor-col-50 elementor-inner-column elementor-element elementor-element-457d604b\" data-id=\"457d604b\" data-element_type=\"column\">\n<div class=\"elementor-column-wrap elementor-element-populated\">\n<div class=\"elementor-widget-wrap\">\n<div class=\"elementor-element elementor-element-45994304 elementor-widget elementor-widget-heading\" data-id=\"45994304\" data-element_type=\"widget\" data-widget_type=\"heading.default\">\n<div class=\"elementor-widget-container\">\n<h2 class=\"elementor-heading-title elementor-size-default\">ACABADO VETEADO IMITACI\u00d3N M\u00c1RMOL<\/h2>\n<p><strong>CUBETA 26KG.<\/strong><\/p>\n<p style=\"text-align: center;\"><span style=\"color: #0000ff;\"><a style=\"color: #0000ff;\" href=\"https:\/\/seglodim.com.mx\/wp\/wp-content\/uploads\/2021\/03\/TACO-DE-COLORES-1.pdf\">TACO DE COLORES<\/a><\/span><\/p>\n<\/div>\n<\/div>\n<\/div>\n<\/div>\n<\/div>\n<\/div>\n<\/div>\n<\/section>\n","protected":false},"featured_media":8091,"comment_status":"open","ping_status":"closed","template":"","meta":[],"product_brand":[],"product_cat":[2880,772],"product_tag":[2881,2857,765],"class_list":{"0":"post-8111","1":"product","2":"type-product","3":"status-publish","4":"has-post-thumbnail","6":"product_cat-acabados-decorativos","7":"product_cat-construccion","8":"product_tag-acabados-decorativos","9":"product_tag-construccion","10":"product_tag-pintex","12":"first","13":"instock","14":"taxable","15":"shipping-taxable","16":"purchasable","17":"product-type-simple"},"supplier_id":null,"supplier_sku":"","barcode":null,"atum_controlled":true,"out_stock_date":null,"out_stock_threshold":null,"inheritable":false,"inbound_stock":0,"stock_on_hold":0,"sold_today":0,"sales_last_days":0,"reserved_stock":0,"customer_returns":0,"warehouse_damage":0,"lost_in_post":0,"other_logs":0,"out_stock_days":0,"lost_sales":0,"has_location":false,"update_date":"2026-05-11T01:08:50","atum_locations":[],"atum_stock_status":"instock","restock_status":false,"low_stock_amount":"","sales_update_date":"2026-05-11T01:08:50","calc_backorders":null,"yoast_head":"<!-- This site is optimized with the Yoast SEO plugin v27.2 - https:\/\/yoast.com\/product\/yoast-seo-wordpress\/ -->\n<title>VETACOLOR \/ Acabado decorativo. Imitaci\u00f3n M\u00e1rmol - Seglodim<\/title>\n<meta name=\"robots\" content=\"index, follow, max-snippet:-1, max-image-preview:large, max-video-preview:-1\" \/>\n<link rel=\"canonical\" href=\"https:\/\/seglodim.com.mx\/wp\/producto\/vetacolor-8-anos\/\" \/>\n<meta property=\"og:locale\" content=\"es_MX\" \/>\n<meta property=\"og:type\" content=\"article\" \/>\n<meta property=\"og:title\" content=\"VETACOLOR \/ Acabado decorativo. Imitaci\u00f3n M\u00e1rmol - Seglodim\" \/>\n<meta property=\"og:description\" content=\"VETACOLOR 8 A\u00d1OS           ACABADO VETEADO IMITACI\u00d3N M\u00c1RMOL CUBETA 26KG. TACO DE COLORES\" \/>\n<meta property=\"og:url\" content=\"https:\/\/seglodim.com.mx\/wp\/producto\/vetacolor-8-anos\/\" \/>\n<meta property=\"og:site_name\" content=\"Seglodim\" \/>\n<meta property=\"article:publisher\" content=\"https:\/\/www.facebook.com\/seglodim.sa.5\" \/>\n<meta property=\"article:modified_time\" content=\"2023-01-23T19:44:11+00:00\" \/>\n<meta property=\"og:image\" content=\"https:\/\/seglodim.com.mx\/wp\/wp-content\/uploads\/2021\/03\/cubeta_texturizados-300x300-1.png\" \/>\n\t<meta property=\"og:image:width\" content=\"300\" \/>\n\t<meta property=\"og:image:height\" content=\"300\" \/>\n\t<meta property=\"og:image:type\" content=\"image\/png\" \/>\n<meta name=\"twitter:card\" content=\"summary_large_image\" \/>\n<meta name=\"twitter:label1\" content=\"Tiempo de lectura\" \/>\n\t<meta name=\"twitter:data1\" content=\"1 minuto\" \/>\n<script type=\"application\/ld+json\" class=\"yoast-schema-graph\">{\"@context\":\"https:\/\/schema.org\",\"@graph\":[{\"@type\":\"WebPage\",\"@id\":\"https:\/\/seglodim.com.mx\/wp\/producto\/vetacolor-8-anos\/\",\"url\":\"https:\/\/seglodim.com.mx\/wp\/producto\/vetacolor-8-anos\/\",\"name\":\"VETACOLOR \/ Acabado decorativo. Imitaci\u00f3n M\u00e1rmol - Seglodim\",\"isPartOf\":{\"@id\":\"https:\/\/seglodim.com.mx\/wp\/#website\"},\"primaryImageOfPage\":{\"@id\":\"https:\/\/seglodim.com.mx\/wp\/producto\/vetacolor-8-anos\/#primaryimage\"},\"image\":{\"@id\":\"https:\/\/seglodim.com.mx\/wp\/producto\/vetacolor-8-anos\/#primaryimage\"},\"thumbnailUrl\":\"https:\/\/seglodim.com.mx\/wp\/wp-content\/uploads\/2021\/03\/cubeta_texturizados-300x300-1.png\",\"datePublished\":\"2021-03-31T16:53:55+00:00\",\"dateModified\":\"2023-01-23T19:44:11+00:00\",\"breadcrumb\":{\"@id\":\"https:\/\/seglodim.com.mx\/wp\/producto\/vetacolor-8-anos\/#breadcrumb\"},\"inLanguage\":\"es\",\"potentialAction\":[{\"@type\":\"ReadAction\",\"target\":[\"https:\/\/seglodim.com.mx\/wp\/producto\/vetacolor-8-anos\/\"]}]},{\"@type\":\"ImageObject\",\"inLanguage\":\"es\",\"@id\":\"https:\/\/seglodim.com.mx\/wp\/producto\/vetacolor-8-anos\/#primaryimage\",\"url\":\"https:\/\/seglodim.com.mx\/wp\/wp-content\/uploads\/2021\/03\/cubeta_texturizados-300x300-1.png\",\"contentUrl\":\"https:\/\/seglodim.com.mx\/wp\/wp-content\/uploads\/2021\/03\/cubeta_texturizados-300x300-1.png\",\"width\":300,\"height\":300},{\"@type\":\"BreadcrumbList\",\"@id\":\"https:\/\/seglodim.com.mx\/wp\/producto\/vetacolor-8-anos\/#breadcrumb\",\"itemListElement\":[{\"@type\":\"ListItem\",\"position\":1,\"name\":\"Inicio\",\"item\":\"https:\/\/seglodim.com.mx\/wp\/\"},{\"@type\":\"ListItem\",\"position\":2,\"name\":\"Tienda\",\"item\":\"https:\/\/seglodim.com.mx\/wp\/tienda\/\"},{\"@type\":\"ListItem\",\"position\":3,\"name\":\"VETACOLOR \/ Acabado decorativo. Imitaci\u00f3n M\u00e1rmol\"}]},{\"@type\":\"WebSite\",\"@id\":\"https:\/\/seglodim.com.mx\/wp\/#website\",\"url\":\"https:\/\/seglodim.com.mx\/wp\/\",\"name\":\"Seglodim\",\"description\":\"Seglodim\",\"publisher\":{\"@id\":\"https:\/\/seglodim.com.mx\/wp\/#organization\"},\"potentialAction\":[{\"@type\":\"SearchAction\",\"target\":{\"@type\":\"EntryPoint\",\"urlTemplate\":\"https:\/\/seglodim.com.mx\/wp\/?s={search_term_string}\"},\"query-input\":{\"@type\":\"PropertyValueSpecification\",\"valueRequired\":true,\"valueName\":\"search_term_string\"}}],\"inLanguage\":\"es\"},{\"@type\":\"Organization\",\"@id\":\"https:\/\/seglodim.com.mx\/wp\/#organization\",\"name\":\"seglodim\",\"url\":\"https:\/\/seglodim.com.mx\/wp\/\",\"logo\":{\"@type\":\"ImageObject\",\"inLanguage\":\"es\",\"@id\":\"https:\/\/seglodim.com.mx\/wp\/#\/schema\/logo\/image\/\",\"url\":\"https:\/\/seglodim.com.mx\/wp\/wp-content\/uploads\/2020\/09\/segloim-consombra.png\",\"contentUrl\":\"https:\/\/seglodim.com.mx\/wp\/wp-content\/uploads\/2020\/09\/segloim-consombra.png\",\"width\":647,\"height\":259,\"caption\":\"seglodim\"},\"image\":{\"@id\":\"https:\/\/seglodim.com.mx\/wp\/#\/schema\/logo\/image\/\"},\"sameAs\":[\"https:\/\/www.facebook.com\/seglodim.sa.5\"]}]}<\/script>\n<!-- \/ Yoast SEO plugin. -->","yoast_head_json":{"title":"VETACOLOR \/ Acabado decorativo. Imitaci\u00f3n M\u00e1rmol - Seglodim","robots":{"index":"index","follow":"follow","max-snippet":"max-snippet:-1","max-image-preview":"max-image-preview:large","max-video-preview":"max-video-preview:-1"},"canonical":"https:\/\/seglodim.com.mx\/wp\/producto\/vetacolor-8-anos\/","og_locale":"es_MX","og_type":"article","og_title":"VETACOLOR \/ Acabado decorativo. Imitaci\u00f3n M\u00e1rmol - Seglodim","og_description":"VETACOLOR 8 A\u00d1OS           ACABADO VETEADO IMITACI\u00d3N M\u00c1RMOL CUBETA 26KG. TACO DE COLORES","og_url":"https:\/\/seglodim.com.mx\/wp\/producto\/vetacolor-8-anos\/","og_site_name":"Seglodim","article_publisher":"https:\/\/www.facebook.com\/seglodim.sa.5","article_modified_time":"2023-01-23T19:44:11+00:00","og_image":[{"width":300,"height":300,"url":"https:\/\/seglodim.com.mx\/wp\/wp-content\/uploads\/2021\/03\/cubeta_texturizados-300x300-1.png","type":"image\/png"}],"twitter_card":"summary_large_image","twitter_misc":{"Tiempo de lectura":"1 minuto"},"schema":{"@context":"https:\/\/schema.org","@graph":[{"@type":"WebPage","@id":"https:\/\/seglodim.com.mx\/wp\/producto\/vetacolor-8-anos\/","url":"https:\/\/seglodim.com.mx\/wp\/producto\/vetacolor-8-anos\/","name":"VETACOLOR \/ Acabado decorativo. Imitaci\u00f3n M\u00e1rmol - Seglodim","isPartOf":{"@id":"https:\/\/seglodim.com.mx\/wp\/#website"},"primaryImageOfPage":{"@id":"https:\/\/seglodim.com.mx\/wp\/producto\/vetacolor-8-anos\/#primaryimage"},"image":{"@id":"https:\/\/seglodim.com.mx\/wp\/producto\/vetacolor-8-anos\/#primaryimage"},"thumbnailUrl":"https:\/\/seglodim.com.mx\/wp\/wp-content\/uploads\/2021\/03\/cubeta_texturizados-300x300-1.png","datePublished":"2021-03-31T16:53:55+00:00","dateModified":"2023-01-23T19:44:11+00:00","breadcrumb":{"@id":"https:\/\/seglodim.com.mx\/wp\/producto\/vetacolor-8-anos\/#breadcrumb"},"inLanguage":"es","potentialAction":[{"@type":"ReadAction","target":["https:\/\/seglodim.com.mx\/wp\/producto\/vetacolor-8-anos\/"]}]},{"@type":"ImageObject","inLanguage":"es","@id":"https:\/\/seglodim.com.mx\/wp\/producto\/vetacolor-8-anos\/#primaryimage","url":"https:\/\/seglodim.com.mx\/wp\/wp-content\/uploads\/2021\/03\/cubeta_texturizados-300x300-1.png","contentUrl":"https:\/\/seglodim.com.mx\/wp\/wp-content\/uploads\/2021\/03\/cubeta_texturizados-300x300-1.png","width":300,"height":300},{"@type":"BreadcrumbList","@id":"https:\/\/seglodim.com.mx\/wp\/producto\/vetacolor-8-anos\/#breadcrumb","itemListElement":[{"@type":"ListItem","position":1,"name":"Inicio","item":"https:\/\/seglodim.com.mx\/wp\/"},{"@type":"ListItem","position":2,"name":"Tienda","item":"https:\/\/seglodim.com.mx\/wp\/tienda\/"},{"@type":"ListItem","position":3,"name":"VETACOLOR \/ Acabado decorativo. Imitaci\u00f3n M\u00e1rmol"}]},{"@type":"WebSite","@id":"https:\/\/seglodim.com.mx\/wp\/#website","url":"https:\/\/seglodim.com.mx\/wp\/","name":"Seglodim","description":"Seglodim","publisher":{"@id":"https:\/\/seglodim.com.mx\/wp\/#organization"},"potentialAction":[{"@type":"SearchAction","target":{"@type":"EntryPoint","urlTemplate":"https:\/\/seglodim.com.mx\/wp\/?s={search_term_string}"},"query-input":{"@type":"PropertyValueSpecification","valueRequired":true,"valueName":"search_term_string"}}],"inLanguage":"es"},{"@type":"Organization","@id":"https:\/\/seglodim.com.mx\/wp\/#organization","name":"seglodim","url":"https:\/\/seglodim.com.mx\/wp\/","logo":{"@type":"ImageObject","inLanguage":"es","@id":"https:\/\/seglodim.com.mx\/wp\/#\/schema\/logo\/image\/","url":"https:\/\/seglodim.com.mx\/wp\/wp-content\/uploads\/2020\/09\/segloim-consombra.png","contentUrl":"https:\/\/seglodim.com.mx\/wp\/wp-content\/uploads\/2020\/09\/segloim-consombra.png","width":647,"height":259,"caption":"seglodim"},"image":{"@id":"https:\/\/seglodim.com.mx\/wp\/#\/schema\/logo\/image\/"},"sameAs":["https:\/\/www.facebook.com\/seglodim.sa.5"]}]}},"_links":{"self":[{"href":"https:\/\/seglodim.com.mx\/wp\/wp-json\/wp\/v2\/product\/8111","targetHints":{"allow":["GET"]}}],"collection":[{"href":"https:\/\/seglodim.com.mx\/wp\/wp-json\/wp\/v2\/product"}],"about":[{"href":"https:\/\/seglodim.com.mx\/wp\/wp-json\/wp\/v2\/types\/product"}],"replies":[{"embeddable":true,"href":"https:\/\/seglodim.com.mx\/wp\/wp-json\/wp\/v2\/comments?post=8111"}],"wp:featuredmedia":[{"embeddable":true,"href":"https:\/\/seglodim.com.mx\/wp\/wp-json\/wp\/v2\/media\/8091"}],"wp:attachment":[{"href":"https:\/\/seglodim.com.mx\/wp\/wp-json\/wp\/v2\/media?parent=8111"}],"wp:term":[{"taxonomy":"product_brand","embeddable":true,"href":"https:\/\/seglodim.com.mx\/wp\/wp-json\/wp\/v2\/product_brand?post=8111"},{"taxonomy":"product_cat","embeddable":true,"href":"https:\/\/seglodim.com.mx\/wp\/wp-json\/wp\/v2\/product_cat?post=8111"},{"taxonomy":"product_tag","embeddable":true,"href":"https:\/\/seglodim.com.mx\/wp\/wp-json\/wp\/v2\/product_tag?post=8111"}],"curies":[{"name":"wp","href":"https:\/\/api.w.org\/{rel}","templated":true}]}}