{"id":8103,"date":"2021-03-30T18:14:10","date_gmt":"2021-03-31T00:14:10","guid":{"rendered":"https:\/\/seglodim.com.mx\/wp\/?post_type=product&#038;p=8103"},"modified":"2023-01-23T13:32:59","modified_gmt":"2023-01-23T19:32:59","slug":"duralastic-de-color-rg-rf-ref-y-tt-5-anos","status":"publish","type":"product","link":"https:\/\/seglodim.com.mx\/wp\/producto\/duralastic-de-color-rg-rf-ref-y-tt-5-anos\/","title":{"rendered":"DURALASTIC DE COLOR (RG, RF, REF Y TT) 5 A\u00d1OS"},"content":{"rendered":"<p><strong>DESCRIPCI\u00d3N<\/strong><br \/>\n<strong>DURALASTIC<\/strong>\u00a0es nuestra l\u00ednea comercial de texturizados, fabricados a base de resinas acr\u00edlicas, arenas de s\u00edlice y m\u00e1rmol, pigmentos inorg\u00e1nicos y qu\u00edmicos varios. Es una pasta acr\u00edlica con el color integrado y lista para su instalaci\u00f3n. Por su formulaci\u00f3n y calidad en materias primas,\u00a0<strong>DURALASTIC<\/strong>\u00a0es un producto de primera calidad, que satisface las necesidades de la industria de la construcci\u00f3n.<\/p>\n<p><strong>USOS<\/strong><br \/>\n<strong>DURALASTIC\u00a0<\/strong>como recubrimiento protector y decorativo en todo tipo de muros, techos y plafones, tablaroca, yeso, tanto en exteriores como en interiores.<\/p>\n<p><strong>VENTAJAS<\/strong><\/p>\n<ul>\n<li>Decora y protege.<\/li>\n<li>Su pel\u00edcula es el\u00e1stica, resistente a impactos normales.<\/li>\n<li>Superior a los tradicionales acabados a base de pinturas, papel tapiz, tirol, etc.<\/li>\n<li>Gran variedad de acabados y texturas.<\/li>\n<li>Inalterable por la lluvia, el sol o climas extremosos.<\/li>\n<li>Permeable al vapor de agua.<\/li>\n<li>F\u00e1cil y r\u00e1pido de instalar.<\/li>\n<li>100% lavable.<\/li>\n<li>No crea hongos ni es t\u00f3xica.<\/li>\n<\/ul>\n<p style=\"text-align: center;\"><span style=\"color: #0000ff;\"><a style=\"color: #0000ff;\" href=\"https:\/\/seglodim.com.mx\/wp\/wp-content\/uploads\/2021\/03\/duralastic-1.pdf\">Boletin Tecnico<\/a><\/span><\/p>\n","protected":false},"excerpt":{"rendered":"<div class=\"elementor-element elementor-element-448acdba elementor-widget elementor-widget-heading\" data-id=\"448acdba\" data-element_type=\"widget\" data-widget_type=\"heading.default\">\n<div class=\"elementor-widget-container\">\n<h2 class=\"elementor-heading-title elementor-size-default\">DURALASTIC 5 A\u00d1OS<\/h2>\n<\/div>\n<\/div>\n<section class=\"elementor-section elementor-inner-section elementor-element elementor-element-2bbc18f8 elementor-section-boxed elementor-section-height-default elementor-section-height-default\" data-id=\"2bbc18f8\" data-element_type=\"section\">\n<div class=\"elementor-container elementor-column-gap-default\">\n<div class=\"elementor-row\">\n<div class=\"elementor-column elementor-col-50 elementor-inner-column elementor-element elementor-element-7b2faaaf\" data-id=\"7b2faaaf\" data-element_type=\"column\">\n<div class=\"elementor-column-wrap elementor-element-populated\">\n<div class=\"elementor-widget-wrap\">\n<div class=\"elementor-element elementor-element-4df45460 elementor-widget elementor-widget-heading\" data-id=\"4df45460\" data-element_type=\"widget\" data-widget_type=\"heading.default\">\n<div class=\"elementor-widget-container\">\n<h2 class=\"elementor-heading-title elementor-size-default\">RECUBRIMIENTO TEXTURIZADO ACR\u00cdLICO | CALIDAD COMERCIAL<\/h2>\n<p>CUBETA DE 33 KG.<\/p>\n<p><strong>*SI EL PEDIDO DE DURALASTIC COLOR ES MAYOR O IGUAL A 50 CUBETAS\u00a0 O A 5 TAMBOS EL PRECIO SERA EL DE BLANCO.<\/strong><\/p>\n<p><strong>*LOS PRECIODS PUEDEN VAREAR DE ACUERDO AL COLOR.<\/strong><\/p>\n<p style=\"text-align: center;\"><span style=\"color: #0000ff;\"><a style=\"color: #0000ff;\" href=\"https:\/\/seglodim.com.mx\/wp\/wp-content\/uploads\/2021\/03\/TACO-DE-COLORES.pdf\">TACO DE COLORES<\/a><\/span><\/p>\n<p>&nbsp;<\/p>\n<p>&nbsp;<\/p>\n<\/div>\n<\/div>\n<\/div>\n<\/div>\n<\/div>\n<\/div>\n<\/div>\n<\/section>\n","protected":false},"featured_media":8091,"comment_status":"open","ping_status":"closed","template":"","meta":[],"product_brand":[],"product_cat":[2874,2872],"product_tag":[2876,2875,765,2869],"class_list":{"0":"post-8103","1":"product","2":"type-product","3":"status-publish","4":"has-post-thumbnail","6":"product_cat-duralastic","7":"product_cat-recubrimiento-texturizado-acrilicoduralastic","8":"product_tag-calidad-5","9":"product_tag-duralastic","10":"product_tag-pintex","11":"product_tag-recubrimiento-texturizado-acrilico","13":"first","14":"instock","15":"taxable","16":"shipping-taxable","17":"purchasable","18":"product-type-simple"},"supplier_id":null,"supplier_sku":"","barcode":null,"atum_controlled":true,"out_stock_date":null,"out_stock_threshold":null,"inheritable":false,"inbound_stock":0,"stock_on_hold":0,"sold_today":0,"sales_last_days":0,"reserved_stock":0,"customer_returns":0,"warehouse_damage":0,"lost_in_post":0,"other_logs":0,"out_stock_days":0,"lost_sales":0,"has_location":false,"update_date":"2026-05-11T01:08:50","atum_locations":[],"atum_stock_status":"instock","restock_status":false,"low_stock_amount":"","sales_update_date":"2026-05-11T01:08:50","calc_backorders":null,"yoast_head":"<!-- This site is optimized with the Yoast SEO plugin v27.2 - https:\/\/yoast.com\/product\/yoast-seo-wordpress\/ -->\n<title>DURALASTIC DE COLOR (RG, RF, REF Y TT) 5 A\u00d1OS - Seglodim<\/title>\n<meta name=\"robots\" content=\"index, follow, max-snippet:-1, max-image-preview:large, max-video-preview:-1\" \/>\n<link rel=\"canonical\" href=\"https:\/\/seglodim.com.mx\/wp\/producto\/duralastic-de-color-rg-rf-ref-y-tt-5-anos\/\" \/>\n<meta property=\"og:locale\" content=\"es_MX\" \/>\n<meta property=\"og:type\" content=\"article\" \/>\n<meta property=\"og:title\" content=\"DURALASTIC DE COLOR (RG, RF, REF Y TT) 5 A\u00d1OS - Seglodim\" \/>\n<meta property=\"og:description\" content=\"DURALASTIC 5 A\u00d1OS           RECUBRIMIENTO TEXTURIZADO ACR\u00cdLICO | CALIDAD COMERCIAL CUBETA DE 33 KG.  *SI EL PEDIDO DE DURALASTIC COLOR ES MAYOR O IGUAL A 50 CUBETAS\u00a0 O A 5 TAMBOS EL PRECIO SERA EL DE BLANCO.  *LOS PRECIODS PUEDEN VAREAR DE ACUERDO AL COLOR. TACO DE COLORES &nbsp;  &nbsp;\" \/>\n<meta property=\"og:url\" content=\"https:\/\/seglodim.com.mx\/wp\/producto\/duralastic-de-color-rg-rf-ref-y-tt-5-anos\/\" \/>\n<meta property=\"og:site_name\" content=\"Seglodim\" \/>\n<meta property=\"article:publisher\" content=\"https:\/\/www.facebook.com\/seglodim.sa.5\" \/>\n<meta property=\"article:modified_time\" content=\"2023-01-23T19:32:59+00:00\" \/>\n<meta property=\"og:image\" content=\"https:\/\/seglodim.com.mx\/wp\/wp-content\/uploads\/2021\/03\/cubeta_texturizados-300x300-1.png\" \/>\n\t<meta property=\"og:image:width\" content=\"300\" \/>\n\t<meta property=\"og:image:height\" content=\"300\" \/>\n\t<meta property=\"og:image:type\" content=\"image\/png\" \/>\n<meta name=\"twitter:card\" content=\"summary_large_image\" \/>\n<meta name=\"twitter:label1\" content=\"Tiempo de lectura\" \/>\n\t<meta name=\"twitter:data1\" content=\"1 minuto\" \/>\n<script type=\"application\/ld+json\" class=\"yoast-schema-graph\">{\"@context\":\"https:\/\/schema.org\",\"@graph\":[{\"@type\":\"WebPage\",\"@id\":\"https:\/\/seglodim.com.mx\/wp\/producto\/duralastic-de-color-rg-rf-ref-y-tt-5-anos\/\",\"url\":\"https:\/\/seglodim.com.mx\/wp\/producto\/duralastic-de-color-rg-rf-ref-y-tt-5-anos\/\",\"name\":\"DURALASTIC DE COLOR (RG, RF, REF Y TT) 5 A\u00d1OS - Seglodim\",\"isPartOf\":{\"@id\":\"https:\/\/seglodim.com.mx\/wp\/#website\"},\"primaryImageOfPage\":{\"@id\":\"https:\/\/seglodim.com.mx\/wp\/producto\/duralastic-de-color-rg-rf-ref-y-tt-5-anos\/#primaryimage\"},\"image\":{\"@id\":\"https:\/\/seglodim.com.mx\/wp\/producto\/duralastic-de-color-rg-rf-ref-y-tt-5-anos\/#primaryimage\"},\"thumbnailUrl\":\"https:\/\/seglodim.com.mx\/wp\/wp-content\/uploads\/2021\/03\/cubeta_texturizados-300x300-1.png\",\"datePublished\":\"2021-03-31T00:14:10+00:00\",\"dateModified\":\"2023-01-23T19:32:59+00:00\",\"breadcrumb\":{\"@id\":\"https:\/\/seglodim.com.mx\/wp\/producto\/duralastic-de-color-rg-rf-ref-y-tt-5-anos\/#breadcrumb\"},\"inLanguage\":\"es\",\"potentialAction\":[{\"@type\":\"ReadAction\",\"target\":[\"https:\/\/seglodim.com.mx\/wp\/producto\/duralastic-de-color-rg-rf-ref-y-tt-5-anos\/\"]}]},{\"@type\":\"ImageObject\",\"inLanguage\":\"es\",\"@id\":\"https:\/\/seglodim.com.mx\/wp\/producto\/duralastic-de-color-rg-rf-ref-y-tt-5-anos\/#primaryimage\",\"url\":\"https:\/\/seglodim.com.mx\/wp\/wp-content\/uploads\/2021\/03\/cubeta_texturizados-300x300-1.png\",\"contentUrl\":\"https:\/\/seglodim.com.mx\/wp\/wp-content\/uploads\/2021\/03\/cubeta_texturizados-300x300-1.png\",\"width\":300,\"height\":300},{\"@type\":\"BreadcrumbList\",\"@id\":\"https:\/\/seglodim.com.mx\/wp\/producto\/duralastic-de-color-rg-rf-ref-y-tt-5-anos\/#breadcrumb\",\"itemListElement\":[{\"@type\":\"ListItem\",\"position\":1,\"name\":\"Inicio\",\"item\":\"https:\/\/seglodim.com.mx\/wp\/\"},{\"@type\":\"ListItem\",\"position\":2,\"name\":\"Tienda\",\"item\":\"https:\/\/seglodim.com.mx\/wp\/tienda\/\"},{\"@type\":\"ListItem\",\"position\":3,\"name\":\"DURALASTIC DE COLOR (RG, RF, REF Y TT) 5 A\u00d1OS\"}]},{\"@type\":\"WebSite\",\"@id\":\"https:\/\/seglodim.com.mx\/wp\/#website\",\"url\":\"https:\/\/seglodim.com.mx\/wp\/\",\"name\":\"Seglodim\",\"description\":\"Seglodim\",\"publisher\":{\"@id\":\"https:\/\/seglodim.com.mx\/wp\/#organization\"},\"potentialAction\":[{\"@type\":\"SearchAction\",\"target\":{\"@type\":\"EntryPoint\",\"urlTemplate\":\"https:\/\/seglodim.com.mx\/wp\/?s={search_term_string}\"},\"query-input\":{\"@type\":\"PropertyValueSpecification\",\"valueRequired\":true,\"valueName\":\"search_term_string\"}}],\"inLanguage\":\"es\"},{\"@type\":\"Organization\",\"@id\":\"https:\/\/seglodim.com.mx\/wp\/#organization\",\"name\":\"seglodim\",\"url\":\"https:\/\/seglodim.com.mx\/wp\/\",\"logo\":{\"@type\":\"ImageObject\",\"inLanguage\":\"es\",\"@id\":\"https:\/\/seglodim.com.mx\/wp\/#\/schema\/logo\/image\/\",\"url\":\"https:\/\/seglodim.com.mx\/wp\/wp-content\/uploads\/2020\/09\/segloim-consombra.png\",\"contentUrl\":\"https:\/\/seglodim.com.mx\/wp\/wp-content\/uploads\/2020\/09\/segloim-consombra.png\",\"width\":647,\"height\":259,\"caption\":\"seglodim\"},\"image\":{\"@id\":\"https:\/\/seglodim.com.mx\/wp\/#\/schema\/logo\/image\/\"},\"sameAs\":[\"https:\/\/www.facebook.com\/seglodim.sa.5\"]}]}<\/script>\n<!-- \/ Yoast SEO plugin. -->","yoast_head_json":{"title":"DURALASTIC DE COLOR (RG, RF, REF Y TT) 5 A\u00d1OS - Seglodim","robots":{"index":"index","follow":"follow","max-snippet":"max-snippet:-1","max-image-preview":"max-image-preview:large","max-video-preview":"max-video-preview:-1"},"canonical":"https:\/\/seglodim.com.mx\/wp\/producto\/duralastic-de-color-rg-rf-ref-y-tt-5-anos\/","og_locale":"es_MX","og_type":"article","og_title":"DURALASTIC DE COLOR (RG, RF, REF Y TT) 5 A\u00d1OS - Seglodim","og_description":"DURALASTIC 5 A\u00d1OS           RECUBRIMIENTO TEXTURIZADO ACR\u00cdLICO | CALIDAD COMERCIAL CUBETA DE 33 KG.  *SI EL PEDIDO DE DURALASTIC COLOR ES MAYOR O IGUAL A 50 CUBETAS\u00a0 O A 5 TAMBOS EL PRECIO SERA EL DE BLANCO.  *LOS PRECIODS PUEDEN VAREAR DE ACUERDO AL COLOR. TACO DE COLORES &nbsp;  &nbsp;","og_url":"https:\/\/seglodim.com.mx\/wp\/producto\/duralastic-de-color-rg-rf-ref-y-tt-5-anos\/","og_site_name":"Seglodim","article_publisher":"https:\/\/www.facebook.com\/seglodim.sa.5","article_modified_time":"2023-01-23T19:32:59+00:00","og_image":[{"width":300,"height":300,"url":"https:\/\/seglodim.com.mx\/wp\/wp-content\/uploads\/2021\/03\/cubeta_texturizados-300x300-1.png","type":"image\/png"}],"twitter_card":"summary_large_image","twitter_misc":{"Tiempo de lectura":"1 minuto"},"schema":{"@context":"https:\/\/schema.org","@graph":[{"@type":"WebPage","@id":"https:\/\/seglodim.com.mx\/wp\/producto\/duralastic-de-color-rg-rf-ref-y-tt-5-anos\/","url":"https:\/\/seglodim.com.mx\/wp\/producto\/duralastic-de-color-rg-rf-ref-y-tt-5-anos\/","name":"DURALASTIC DE COLOR (RG, RF, REF Y TT) 5 A\u00d1OS - Seglodim","isPartOf":{"@id":"https:\/\/seglodim.com.mx\/wp\/#website"},"primaryImageOfPage":{"@id":"https:\/\/seglodim.com.mx\/wp\/producto\/duralastic-de-color-rg-rf-ref-y-tt-5-anos\/#primaryimage"},"image":{"@id":"https:\/\/seglodim.com.mx\/wp\/producto\/duralastic-de-color-rg-rf-ref-y-tt-5-anos\/#primaryimage"},"thumbnailUrl":"https:\/\/seglodim.com.mx\/wp\/wp-content\/uploads\/2021\/03\/cubeta_texturizados-300x300-1.png","datePublished":"2021-03-31T00:14:10+00:00","dateModified":"2023-01-23T19:32:59+00:00","breadcrumb":{"@id":"https:\/\/seglodim.com.mx\/wp\/producto\/duralastic-de-color-rg-rf-ref-y-tt-5-anos\/#breadcrumb"},"inLanguage":"es","potentialAction":[{"@type":"ReadAction","target":["https:\/\/seglodim.com.mx\/wp\/producto\/duralastic-de-color-rg-rf-ref-y-tt-5-anos\/"]}]},{"@type":"ImageObject","inLanguage":"es","@id":"https:\/\/seglodim.com.mx\/wp\/producto\/duralastic-de-color-rg-rf-ref-y-tt-5-anos\/#primaryimage","url":"https:\/\/seglodim.com.mx\/wp\/wp-content\/uploads\/2021\/03\/cubeta_texturizados-300x300-1.png","contentUrl":"https:\/\/seglodim.com.mx\/wp\/wp-content\/uploads\/2021\/03\/cubeta_texturizados-300x300-1.png","width":300,"height":300},{"@type":"BreadcrumbList","@id":"https:\/\/seglodim.com.mx\/wp\/producto\/duralastic-de-color-rg-rf-ref-y-tt-5-anos\/#breadcrumb","itemListElement":[{"@type":"ListItem","position":1,"name":"Inicio","item":"https:\/\/seglodim.com.mx\/wp\/"},{"@type":"ListItem","position":2,"name":"Tienda","item":"https:\/\/seglodim.com.mx\/wp\/tienda\/"},{"@type":"ListItem","position":3,"name":"DURALASTIC DE COLOR (RG, RF, REF Y TT) 5 A\u00d1OS"}]},{"@type":"WebSite","@id":"https:\/\/seglodim.com.mx\/wp\/#website","url":"https:\/\/seglodim.com.mx\/wp\/","name":"Seglodim","description":"Seglodim","publisher":{"@id":"https:\/\/seglodim.com.mx\/wp\/#organization"},"potentialAction":[{"@type":"SearchAction","target":{"@type":"EntryPoint","urlTemplate":"https:\/\/seglodim.com.mx\/wp\/?s={search_term_string}"},"query-input":{"@type":"PropertyValueSpecification","valueRequired":true,"valueName":"search_term_string"}}],"inLanguage":"es"},{"@type":"Organization","@id":"https:\/\/seglodim.com.mx\/wp\/#organization","name":"seglodim","url":"https:\/\/seglodim.com.mx\/wp\/","logo":{"@type":"ImageObject","inLanguage":"es","@id":"https:\/\/seglodim.com.mx\/wp\/#\/schema\/logo\/image\/","url":"https:\/\/seglodim.com.mx\/wp\/wp-content\/uploads\/2020\/09\/segloim-consombra.png","contentUrl":"https:\/\/seglodim.com.mx\/wp\/wp-content\/uploads\/2020\/09\/segloim-consombra.png","width":647,"height":259,"caption":"seglodim"},"image":{"@id":"https:\/\/seglodim.com.mx\/wp\/#\/schema\/logo\/image\/"},"sameAs":["https:\/\/www.facebook.com\/seglodim.sa.5"]}]}},"_links":{"self":[{"href":"https:\/\/seglodim.com.mx\/wp\/wp-json\/wp\/v2\/product\/8103","targetHints":{"allow":["GET"]}}],"collection":[{"href":"https:\/\/seglodim.com.mx\/wp\/wp-json\/wp\/v2\/product"}],"about":[{"href":"https:\/\/seglodim.com.mx\/wp\/wp-json\/wp\/v2\/types\/product"}],"replies":[{"embeddable":true,"href":"https:\/\/seglodim.com.mx\/wp\/wp-json\/wp\/v2\/comments?post=8103"}],"wp:featuredmedia":[{"embeddable":true,"href":"https:\/\/seglodim.com.mx\/wp\/wp-json\/wp\/v2\/media\/8091"}],"wp:attachment":[{"href":"https:\/\/seglodim.com.mx\/wp\/wp-json\/wp\/v2\/media?parent=8103"}],"wp:term":[{"taxonomy":"product_brand","embeddable":true,"href":"https:\/\/seglodim.com.mx\/wp\/wp-json\/wp\/v2\/product_brand?post=8103"},{"taxonomy":"product_cat","embeddable":true,"href":"https:\/\/seglodim.com.mx\/wp\/wp-json\/wp\/v2\/product_cat?post=8103"},{"taxonomy":"product_tag","embeddable":true,"href":"https:\/\/seglodim.com.mx\/wp\/wp-json\/wp\/v2\/product_tag?post=8103"}],"curies":[{"name":"wp","href":"https:\/\/api.w.org\/{rel}","templated":true}]}}