{"id":6745,"date":"2020-10-28T13:27:24","date_gmt":"2020-10-28T19:27:24","guid":{"rendered":"https:\/\/seglodim.com.mx\/wp\/?post_type=product&#038;p=6745"},"modified":"2025-06-06T12:17:58","modified_gmt":"2025-06-06T18:17:58","slug":"rack-para-desbrozadora-electrica-o-de-gasolina","status":"publish","type":"product","link":"https:\/\/seglodim.com.mx\/wp\/producto\/rack-para-desbrozadora-electrica-o-de-gasolina\/","title":{"rendered":"Rack Para Desbrozadora El\u00e9ctrica O De Gasolina"},"content":{"rendered":"<ul>\n<li>Construcci\u00f3n met\u00e1lica<\/li>\n<li>Acabado semi mate con pintura electrost\u00e1tica color negro<\/li>\n<li>Dise\u00f1ado espec\u00edficamente para una desbrozadora el\u00e9ctrica o de gasolina<\/li>\n<li>Ideal para exhibir desbrozadoras en panel ranurado<\/li>\n<\/ul>\n","protected":false},"excerpt":{"rendered":"<p>Construcci\u00f3n met\u00e1lica Acabado semi mate con pintura electrost\u00e1tica color negro Dise\u00f1ado espec\u00edficamente para una desbrozadora el\u00e9ctrica o de gasolina Ideal para exhibir desbrozadoras en panel ranurado<\/p>\n","protected":false},"featured_media":6746,"comment_status":"open","ping_status":"closed","template":"","meta":[],"product_brand":[],"product_cat":[229,272,228],"product_tag":[1502,927,1091,1479,1503,1504,212],"class_list":{"0":"post-6745","1":"product","2":"type-product","3":"status-publish","4":"has-post-thumbnail","6":"product_cat-desbrozadoras-jardineria-y-riego","7":"product_cat-herramientas-de-jardin-nacional","8":"product_cat-jardineria-y-riego","9":"product_tag-1502","10":"product_tag-desbrozadora","11":"product_tag-electrica","12":"product_tag-gasolina","13":"product_tag-r-des","14":"product_tag-rack","15":"product_tag-truper","17":"first","18":"instock","19":"taxable","20":"shipping-taxable","21":"purchasable","22":"product-type-simple"},"supplier_id":null,"supplier_sku":"","barcode":null,"atum_controlled":true,"out_stock_date":null,"out_stock_threshold":null,"inheritable":false,"inbound_stock":0,"stock_on_hold":0,"sold_today":0,"sales_last_days":0,"reserved_stock":0,"customer_returns":0,"warehouse_damage":0,"lost_in_post":0,"other_logs":0,"out_stock_days":0,"lost_sales":0,"has_location":false,"update_date":"2026-04-18T00:34:16","atum_locations":[],"atum_stock_status":"instock","restock_status":false,"low_stock_amount":"","sales_update_date":"2026-04-18T00:34:16","calc_backorders":null,"yoast_head":"<!-- This site is optimized with the Yoast SEO plugin v27.2 - https:\/\/yoast.com\/product\/yoast-seo-wordpress\/ -->\n<title>Rack Para Desbrozadora El\u00e9ctrica O De Gasolina - Seglodim<\/title>\n<meta name=\"robots\" content=\"index, follow, max-snippet:-1, max-image-preview:large, max-video-preview:-1\" \/>\n<link rel=\"canonical\" href=\"https:\/\/seglodim.com.mx\/wp\/producto\/rack-para-desbrozadora-electrica-o-de-gasolina\/\" \/>\n<meta property=\"og:locale\" content=\"es_MX\" \/>\n<meta property=\"og:type\" content=\"article\" \/>\n<meta property=\"og:title\" content=\"Rack Para Desbrozadora El\u00e9ctrica O De Gasolina - Seglodim\" \/>\n<meta property=\"og:description\" content=\"Construcci\u00f3n met\u00e1lica Acabado semi mate con pintura electrost\u00e1tica color negro Dise\u00f1ado espec\u00edficamente para una desbrozadora el\u00e9ctrica o de gasolina Ideal para exhibir desbrozadoras en panel ranurado\" \/>\n<meta property=\"og:url\" content=\"https:\/\/seglodim.com.mx\/wp\/producto\/rack-para-desbrozadora-electrica-o-de-gasolina\/\" \/>\n<meta property=\"og:site_name\" content=\"Seglodim\" \/>\n<meta property=\"article:publisher\" content=\"https:\/\/www.facebook.com\/seglodim.sa.5\" \/>\n<meta property=\"article:modified_time\" content=\"2025-06-06T18:17:58+00:00\" \/>\n<meta property=\"og:image\" content=\"https:\/\/seglodim.com.mx\/wp\/wp-content\/uploads\/2020\/10\/rack-para-desbrozadora-electrica-o-de-gasolina-252.jpg\" \/>\n\t<meta property=\"og:image:width\" content=\"1800\" \/>\n\t<meta property=\"og:image:height\" content=\"1800\" \/>\n\t<meta property=\"og:image:type\" content=\"image\/jpeg\" \/>\n<meta name=\"twitter:card\" content=\"summary_large_image\" \/>\n<script type=\"application\/ld+json\" class=\"yoast-schema-graph\">{\"@context\":\"https:\/\/schema.org\",\"@graph\":[{\"@type\":\"WebPage\",\"@id\":\"https:\/\/seglodim.com.mx\/wp\/producto\/rack-para-desbrozadora-electrica-o-de-gasolina\/\",\"url\":\"https:\/\/seglodim.com.mx\/wp\/producto\/rack-para-desbrozadora-electrica-o-de-gasolina\/\",\"name\":\"Rack Para Desbrozadora El\u00e9ctrica O De Gasolina - Seglodim\",\"isPartOf\":{\"@id\":\"https:\/\/seglodim.com.mx\/wp\/#website\"},\"primaryImageOfPage\":{\"@id\":\"https:\/\/seglodim.com.mx\/wp\/producto\/rack-para-desbrozadora-electrica-o-de-gasolina\/#primaryimage\"},\"image\":{\"@id\":\"https:\/\/seglodim.com.mx\/wp\/producto\/rack-para-desbrozadora-electrica-o-de-gasolina\/#primaryimage\"},\"thumbnailUrl\":\"https:\/\/seglodim.com.mx\/wp\/wp-content\/uploads\/2020\/10\/rack-para-desbrozadora-electrica-o-de-gasolina-252.jpg\",\"datePublished\":\"2020-10-28T19:27:24+00:00\",\"dateModified\":\"2025-06-06T18:17:58+00:00\",\"breadcrumb\":{\"@id\":\"https:\/\/seglodim.com.mx\/wp\/producto\/rack-para-desbrozadora-electrica-o-de-gasolina\/#breadcrumb\"},\"inLanguage\":\"es\",\"potentialAction\":[{\"@type\":\"ReadAction\",\"target\":[\"https:\/\/seglodim.com.mx\/wp\/producto\/rack-para-desbrozadora-electrica-o-de-gasolina\/\"]}]},{\"@type\":\"ImageObject\",\"inLanguage\":\"es\",\"@id\":\"https:\/\/seglodim.com.mx\/wp\/producto\/rack-para-desbrozadora-electrica-o-de-gasolina\/#primaryimage\",\"url\":\"https:\/\/seglodim.com.mx\/wp\/wp-content\/uploads\/2020\/10\/rack-para-desbrozadora-electrica-o-de-gasolina-252.jpg\",\"contentUrl\":\"https:\/\/seglodim.com.mx\/wp\/wp-content\/uploads\/2020\/10\/rack-para-desbrozadora-electrica-o-de-gasolina-252.jpg\",\"width\":1800,\"height\":1800},{\"@type\":\"BreadcrumbList\",\"@id\":\"https:\/\/seglodim.com.mx\/wp\/producto\/rack-para-desbrozadora-electrica-o-de-gasolina\/#breadcrumb\",\"itemListElement\":[{\"@type\":\"ListItem\",\"position\":1,\"name\":\"Inicio\",\"item\":\"https:\/\/seglodim.com.mx\/wp\/\"},{\"@type\":\"ListItem\",\"position\":2,\"name\":\"Tienda\",\"item\":\"https:\/\/seglodim.com.mx\/wp\/tienda\/\"},{\"@type\":\"ListItem\",\"position\":3,\"name\":\"Rack Para Desbrozadora El\u00e9ctrica O De Gasolina\"}]},{\"@type\":\"WebSite\",\"@id\":\"https:\/\/seglodim.com.mx\/wp\/#website\",\"url\":\"https:\/\/seglodim.com.mx\/wp\/\",\"name\":\"Seglodim\",\"description\":\"Seglodim\",\"publisher\":{\"@id\":\"https:\/\/seglodim.com.mx\/wp\/#organization\"},\"potentialAction\":[{\"@type\":\"SearchAction\",\"target\":{\"@type\":\"EntryPoint\",\"urlTemplate\":\"https:\/\/seglodim.com.mx\/wp\/?s={search_term_string}\"},\"query-input\":{\"@type\":\"PropertyValueSpecification\",\"valueRequired\":true,\"valueName\":\"search_term_string\"}}],\"inLanguage\":\"es\"},{\"@type\":\"Organization\",\"@id\":\"https:\/\/seglodim.com.mx\/wp\/#organization\",\"name\":\"seglodim\",\"url\":\"https:\/\/seglodim.com.mx\/wp\/\",\"logo\":{\"@type\":\"ImageObject\",\"inLanguage\":\"es\",\"@id\":\"https:\/\/seglodim.com.mx\/wp\/#\/schema\/logo\/image\/\",\"url\":\"https:\/\/seglodim.com.mx\/wp\/wp-content\/uploads\/2020\/09\/segloim-consombra.png\",\"contentUrl\":\"https:\/\/seglodim.com.mx\/wp\/wp-content\/uploads\/2020\/09\/segloim-consombra.png\",\"width\":647,\"height\":259,\"caption\":\"seglodim\"},\"image\":{\"@id\":\"https:\/\/seglodim.com.mx\/wp\/#\/schema\/logo\/image\/\"},\"sameAs\":[\"https:\/\/www.facebook.com\/seglodim.sa.5\"]}]}<\/script>\n<!-- \/ Yoast SEO plugin. -->","yoast_head_json":{"title":"Rack Para Desbrozadora El\u00e9ctrica O De Gasolina - Seglodim","robots":{"index":"index","follow":"follow","max-snippet":"max-snippet:-1","max-image-preview":"max-image-preview:large","max-video-preview":"max-video-preview:-1"},"canonical":"https:\/\/seglodim.com.mx\/wp\/producto\/rack-para-desbrozadora-electrica-o-de-gasolina\/","og_locale":"es_MX","og_type":"article","og_title":"Rack Para Desbrozadora El\u00e9ctrica O De Gasolina - Seglodim","og_description":"Construcci\u00f3n met\u00e1lica Acabado semi mate con pintura electrost\u00e1tica color negro Dise\u00f1ado espec\u00edficamente para una desbrozadora el\u00e9ctrica o de gasolina Ideal para exhibir desbrozadoras en panel ranurado","og_url":"https:\/\/seglodim.com.mx\/wp\/producto\/rack-para-desbrozadora-electrica-o-de-gasolina\/","og_site_name":"Seglodim","article_publisher":"https:\/\/www.facebook.com\/seglodim.sa.5","article_modified_time":"2025-06-06T18:17:58+00:00","og_image":[{"width":1800,"height":1800,"url":"https:\/\/seglodim.com.mx\/wp\/wp-content\/uploads\/2020\/10\/rack-para-desbrozadora-electrica-o-de-gasolina-252.jpg","type":"image\/jpeg"}],"twitter_card":"summary_large_image","schema":{"@context":"https:\/\/schema.org","@graph":[{"@type":"WebPage","@id":"https:\/\/seglodim.com.mx\/wp\/producto\/rack-para-desbrozadora-electrica-o-de-gasolina\/","url":"https:\/\/seglodim.com.mx\/wp\/producto\/rack-para-desbrozadora-electrica-o-de-gasolina\/","name":"Rack Para Desbrozadora El\u00e9ctrica O De Gasolina - Seglodim","isPartOf":{"@id":"https:\/\/seglodim.com.mx\/wp\/#website"},"primaryImageOfPage":{"@id":"https:\/\/seglodim.com.mx\/wp\/producto\/rack-para-desbrozadora-electrica-o-de-gasolina\/#primaryimage"},"image":{"@id":"https:\/\/seglodim.com.mx\/wp\/producto\/rack-para-desbrozadora-electrica-o-de-gasolina\/#primaryimage"},"thumbnailUrl":"https:\/\/seglodim.com.mx\/wp\/wp-content\/uploads\/2020\/10\/rack-para-desbrozadora-electrica-o-de-gasolina-252.jpg","datePublished":"2020-10-28T19:27:24+00:00","dateModified":"2025-06-06T18:17:58+00:00","breadcrumb":{"@id":"https:\/\/seglodim.com.mx\/wp\/producto\/rack-para-desbrozadora-electrica-o-de-gasolina\/#breadcrumb"},"inLanguage":"es","potentialAction":[{"@type":"ReadAction","target":["https:\/\/seglodim.com.mx\/wp\/producto\/rack-para-desbrozadora-electrica-o-de-gasolina\/"]}]},{"@type":"ImageObject","inLanguage":"es","@id":"https:\/\/seglodim.com.mx\/wp\/producto\/rack-para-desbrozadora-electrica-o-de-gasolina\/#primaryimage","url":"https:\/\/seglodim.com.mx\/wp\/wp-content\/uploads\/2020\/10\/rack-para-desbrozadora-electrica-o-de-gasolina-252.jpg","contentUrl":"https:\/\/seglodim.com.mx\/wp\/wp-content\/uploads\/2020\/10\/rack-para-desbrozadora-electrica-o-de-gasolina-252.jpg","width":1800,"height":1800},{"@type":"BreadcrumbList","@id":"https:\/\/seglodim.com.mx\/wp\/producto\/rack-para-desbrozadora-electrica-o-de-gasolina\/#breadcrumb","itemListElement":[{"@type":"ListItem","position":1,"name":"Inicio","item":"https:\/\/seglodim.com.mx\/wp\/"},{"@type":"ListItem","position":2,"name":"Tienda","item":"https:\/\/seglodim.com.mx\/wp\/tienda\/"},{"@type":"ListItem","position":3,"name":"Rack Para Desbrozadora El\u00e9ctrica O De Gasolina"}]},{"@type":"WebSite","@id":"https:\/\/seglodim.com.mx\/wp\/#website","url":"https:\/\/seglodim.com.mx\/wp\/","name":"Seglodim","description":"Seglodim","publisher":{"@id":"https:\/\/seglodim.com.mx\/wp\/#organization"},"potentialAction":[{"@type":"SearchAction","target":{"@type":"EntryPoint","urlTemplate":"https:\/\/seglodim.com.mx\/wp\/?s={search_term_string}"},"query-input":{"@type":"PropertyValueSpecification","valueRequired":true,"valueName":"search_term_string"}}],"inLanguage":"es"},{"@type":"Organization","@id":"https:\/\/seglodim.com.mx\/wp\/#organization","name":"seglodim","url":"https:\/\/seglodim.com.mx\/wp\/","logo":{"@type":"ImageObject","inLanguage":"es","@id":"https:\/\/seglodim.com.mx\/wp\/#\/schema\/logo\/image\/","url":"https:\/\/seglodim.com.mx\/wp\/wp-content\/uploads\/2020\/09\/segloim-consombra.png","contentUrl":"https:\/\/seglodim.com.mx\/wp\/wp-content\/uploads\/2020\/09\/segloim-consombra.png","width":647,"height":259,"caption":"seglodim"},"image":{"@id":"https:\/\/seglodim.com.mx\/wp\/#\/schema\/logo\/image\/"},"sameAs":["https:\/\/www.facebook.com\/seglodim.sa.5"]}]}},"_links":{"self":[{"href":"https:\/\/seglodim.com.mx\/wp\/wp-json\/wp\/v2\/product\/6745","targetHints":{"allow":["GET"]}}],"collection":[{"href":"https:\/\/seglodim.com.mx\/wp\/wp-json\/wp\/v2\/product"}],"about":[{"href":"https:\/\/seglodim.com.mx\/wp\/wp-json\/wp\/v2\/types\/product"}],"replies":[{"embeddable":true,"href":"https:\/\/seglodim.com.mx\/wp\/wp-json\/wp\/v2\/comments?post=6745"}],"wp:featuredmedia":[{"embeddable":true,"href":"https:\/\/seglodim.com.mx\/wp\/wp-json\/wp\/v2\/media\/6746"}],"wp:attachment":[{"href":"https:\/\/seglodim.com.mx\/wp\/wp-json\/wp\/v2\/media?parent=6745"}],"wp:term":[{"taxonomy":"product_brand","embeddable":true,"href":"https:\/\/seglodim.com.mx\/wp\/wp-json\/wp\/v2\/product_brand?post=6745"},{"taxonomy":"product_cat","embeddable":true,"href":"https:\/\/seglodim.com.mx\/wp\/wp-json\/wp\/v2\/product_cat?post=6745"},{"taxonomy":"product_tag","embeddable":true,"href":"https:\/\/seglodim.com.mx\/wp\/wp-json\/wp\/v2\/product_tag?post=6745"}],"curies":[{"name":"wp","href":"https:\/\/api.w.org\/{rel}","templated":true}]}}