{"id":6134,"date":"2020-10-16T12:05:28","date_gmt":"2020-10-16T17:05:28","guid":{"rendered":"https:\/\/seglodim.com.mx\/wp\/?post_type=product&#038;p=6134"},"modified":"2023-11-08T14:42:27","modified_gmt":"2023-11-08T20:42:27","slug":"impermeabilizante-aislante-termico-flexacryl-aislante-10-anos","status":"publish","type":"product","link":"https:\/\/seglodim.com.mx\/wp\/producto\/impermeabilizante-aislante-termico-flexacryl-aislante-10-anos\/","title":{"rendered":"Impermeabilizante Aislante T\u00e9rmico \/ FLEXACRYL  AISLANTE 10 A\u00f1os Blanco"},"content":{"rendered":"<p><strong>DESCRIPCI\u00d3N<\/strong><\/p>\n<p><strong>FLEXACRYL AISLANTE 10 A\u00d1OS<\/strong>, es un impermeabilizante aislante t\u00e9rmico de \u00faltima generaci\u00f3n que mantendr\u00e1 el interior del espacio en donde se aplique a una temperatura constante sin ser afectado por la temperatura exterior.<\/p>\n<p><strong>FLEXACRYL AISLANTE 10 A\u00d1OS<\/strong>\u00a0est\u00e1 hecho a base de resinas acr\u00edlicas y microesferas aislantes, tiene adem\u00e1s la garant\u00eda Flexacryl de impermeabilizaci\u00f3n. Su color blanco nos da un alto \u00edndice de reflectancia solar, colaborando tambi\u00e9n con el aislamiento t\u00e9rmico.<\/p>\n<p><strong>USOS<\/strong><br \/>\n<strong>FLEXACRYL AISLANTE 10 A\u00d1OS<\/strong>\u00a0se utiliza como aislante t\u00e9rmico e impermeabilizante en azoteas de concreto, l\u00e1mina, madera, asbesto, etc., \u00f3 como membrana de sellado y protecci\u00f3n de ductos de aire acondicionado.<br \/>\nSe recomienda utilizarse donde la temperatura exterior sea un factor a considerar, ya sea caliente o fr\u00eda, para mantener un interior a una temperatura constante e inafectada.<\/p>\n<p><strong>VENTAJAS<\/strong><\/p>\n<ul>\n<li>Gran efecto aislante.<\/li>\n<li>Alto \u00edndice de reflectancia solar.<\/li>\n<li>Secado r\u00e1pido.<\/li>\n<li>Gran adherencia.<\/li>\n<li>Totalmente impermeable a\u00fan bajo las m\u00e1s severas condiciones clim\u00e1ticas.<\/li>\n<li>Altamente el\u00e1stico lo que previene la aparici\u00f3n de grietas que permitan el paso del agua.<\/li>\n<li>Hace que se reduzcan los costos de energ\u00eda en tiempos de calor y fr\u00edo.<\/li>\n<li>F\u00e1cil aplicaci\u00f3n.<\/li>\n<\/ul>\n<p>COLORES : Blanco<\/p>\n<p style=\"text-align: center;\"><span style=\"color: #3366ff;\"><strong><a style=\"color: #3366ff;\" href=\"https:\/\/seglodim.com.mx\/wp\/wp-content\/uploads\/2020\/10\/flexacryl_aislante.pdf\" target=\"_blank\" rel=\"noopener noreferrer\">Bolet\u00edn t\u00e9cnico<\/a><\/strong><\/span>\u00a0 \u00a0 \u00a0 \u00a0 \u00a0 \u00a0 \u00a0 \u00a0 \u00a0 \u00a0\u00a0<strong><span style=\"color: #3366ff;\"><a class=\"popmake-6131\" style=\"color: #3366ff;\" href=\"#\" target=\"_blank\" rel=\"noopener noreferrer\">Sistema de impermeabilizaci\u00f3n<\/a><\/span><\/strong><\/p>\n","protected":false},"excerpt":{"rendered":"<p>Impermeabilizante aislante t\u00e9rmico \/ FLEXACRYL AISLANTE 10 A\u00f1os Blanco Cubeta de 19L.<\/p>\n","protected":false},"featured_media":6133,"comment_status":"open","ping_status":"closed","template":"","meta":[],"product_brand":[],"product_cat":[834,856],"product_tag":[900,896,894,765,895],"class_list":{"0":"post-6134","1":"product","2":"type-product","3":"status-publish","4":"has-post-thumbnail","6":"product_cat-impermeabilizantes","7":"product_cat-impermeabilizantes-acrilicos","8":"product_tag-aislante","9":"product_tag-flexacryl","10":"product_tag-impermeabilizante","11":"product_tag-pintex","12":"product_tag-termico","14":"first","15":"instock","16":"taxable","17":"shipping-taxable","18":"purchasable","19":"product-type-simple"},"supplier_id":null,"supplier_sku":"","barcode":null,"atum_controlled":true,"out_stock_date":null,"out_stock_threshold":null,"inheritable":false,"inbound_stock":0,"stock_on_hold":0,"sold_today":0,"sales_last_days":0,"reserved_stock":0,"customer_returns":0,"warehouse_damage":0,"lost_in_post":0,"other_logs":0,"out_stock_days":0,"lost_sales":0,"has_location":false,"update_date":"2026-04-29T00:47:24","atum_locations":[],"atum_stock_status":"instock","restock_status":false,"low_stock_amount":"","sales_update_date":"2026-04-29T00:47:24","calc_backorders":null,"yoast_head":"<!-- This site is optimized with the Yoast SEO plugin v27.2 - https:\/\/yoast.com\/product\/yoast-seo-wordpress\/ -->\n<title>Impermeabilizante Aislante T\u00e9rmico \/ FLEXACRYL AISLANTE 10 A\u00f1os Blanco - Seglodim<\/title>\n<meta name=\"robots\" content=\"index, follow, max-snippet:-1, max-image-preview:large, max-video-preview:-1\" \/>\n<link rel=\"canonical\" href=\"https:\/\/seglodim.com.mx\/wp\/producto\/impermeabilizante-aislante-termico-flexacryl-aislante-10-anos\/\" \/>\n<meta property=\"og:locale\" content=\"es_MX\" \/>\n<meta property=\"og:type\" content=\"article\" \/>\n<meta property=\"og:title\" content=\"Impermeabilizante Aislante T\u00e9rmico \/ FLEXACRYL AISLANTE 10 A\u00f1os Blanco - Seglodim\" \/>\n<meta property=\"og:description\" content=\"Impermeabilizante aislante t\u00e9rmico \/ FLEXACRYL AISLANTE 10 A\u00f1os Blanco Cubeta de 19L.\" \/>\n<meta property=\"og:url\" content=\"https:\/\/seglodim.com.mx\/wp\/producto\/impermeabilizante-aislante-termico-flexacryl-aislante-10-anos\/\" \/>\n<meta property=\"og:site_name\" content=\"Seglodim\" \/>\n<meta property=\"article:publisher\" content=\"https:\/\/www.facebook.com\/seglodim.sa.5\" \/>\n<meta property=\"article:modified_time\" content=\"2023-11-08T20:42:27+00:00\" \/>\n<meta property=\"og:image\" content=\"https:\/\/seglodim.com.mx\/wp\/wp-content\/uploads\/2020\/10\/cubeta_impermeabilizante-300x300-1.png\" \/>\n\t<meta property=\"og:image:width\" content=\"300\" \/>\n\t<meta property=\"og:image:height\" content=\"300\" \/>\n\t<meta property=\"og:image:type\" content=\"image\/png\" \/>\n<meta name=\"twitter:card\" content=\"summary_large_image\" \/>\n<meta name=\"twitter:label1\" content=\"Tiempo de lectura\" \/>\n\t<meta name=\"twitter:data1\" content=\"1 minuto\" \/>\n<script type=\"application\/ld+json\" class=\"yoast-schema-graph\">{\"@context\":\"https:\/\/schema.org\",\"@graph\":[{\"@type\":\"WebPage\",\"@id\":\"https:\/\/seglodim.com.mx\/wp\/producto\/impermeabilizante-aislante-termico-flexacryl-aislante-10-anos\/\",\"url\":\"https:\/\/seglodim.com.mx\/wp\/producto\/impermeabilizante-aislante-termico-flexacryl-aislante-10-anos\/\",\"name\":\"Impermeabilizante Aislante T\u00e9rmico \/ FLEXACRYL AISLANTE 10 A\u00f1os Blanco - Seglodim\",\"isPartOf\":{\"@id\":\"https:\/\/seglodim.com.mx\/wp\/#website\"},\"primaryImageOfPage\":{\"@id\":\"https:\/\/seglodim.com.mx\/wp\/producto\/impermeabilizante-aislante-termico-flexacryl-aislante-10-anos\/#primaryimage\"},\"image\":{\"@id\":\"https:\/\/seglodim.com.mx\/wp\/producto\/impermeabilizante-aislante-termico-flexacryl-aislante-10-anos\/#primaryimage\"},\"thumbnailUrl\":\"https:\/\/seglodim.com.mx\/wp\/wp-content\/uploads\/2020\/10\/cubeta_impermeabilizante-300x300-1.png\",\"datePublished\":\"2020-10-16T17:05:28+00:00\",\"dateModified\":\"2023-11-08T20:42:27+00:00\",\"breadcrumb\":{\"@id\":\"https:\/\/seglodim.com.mx\/wp\/producto\/impermeabilizante-aislante-termico-flexacryl-aislante-10-anos\/#breadcrumb\"},\"inLanguage\":\"es\",\"potentialAction\":[{\"@type\":\"ReadAction\",\"target\":[\"https:\/\/seglodim.com.mx\/wp\/producto\/impermeabilizante-aislante-termico-flexacryl-aislante-10-anos\/\"]}]},{\"@type\":\"ImageObject\",\"inLanguage\":\"es\",\"@id\":\"https:\/\/seglodim.com.mx\/wp\/producto\/impermeabilizante-aislante-termico-flexacryl-aislante-10-anos\/#primaryimage\",\"url\":\"https:\/\/seglodim.com.mx\/wp\/wp-content\/uploads\/2020\/10\/cubeta_impermeabilizante-300x300-1.png\",\"contentUrl\":\"https:\/\/seglodim.com.mx\/wp\/wp-content\/uploads\/2020\/10\/cubeta_impermeabilizante-300x300-1.png\",\"width\":300,\"height\":300},{\"@type\":\"BreadcrumbList\",\"@id\":\"https:\/\/seglodim.com.mx\/wp\/producto\/impermeabilizante-aislante-termico-flexacryl-aislante-10-anos\/#breadcrumb\",\"itemListElement\":[{\"@type\":\"ListItem\",\"position\":1,\"name\":\"Inicio\",\"item\":\"https:\/\/seglodim.com.mx\/wp\/\"},{\"@type\":\"ListItem\",\"position\":2,\"name\":\"Tienda\",\"item\":\"https:\/\/seglodim.com.mx\/wp\/tienda\/\"},{\"@type\":\"ListItem\",\"position\":3,\"name\":\"Impermeabilizante Aislante T\u00e9rmico \/ FLEXACRYL AISLANTE 10 A\u00f1os Blanco\"}]},{\"@type\":\"WebSite\",\"@id\":\"https:\/\/seglodim.com.mx\/wp\/#website\",\"url\":\"https:\/\/seglodim.com.mx\/wp\/\",\"name\":\"Seglodim\",\"description\":\"Seglodim\",\"publisher\":{\"@id\":\"https:\/\/seglodim.com.mx\/wp\/#organization\"},\"potentialAction\":[{\"@type\":\"SearchAction\",\"target\":{\"@type\":\"EntryPoint\",\"urlTemplate\":\"https:\/\/seglodim.com.mx\/wp\/?s={search_term_string}\"},\"query-input\":{\"@type\":\"PropertyValueSpecification\",\"valueRequired\":true,\"valueName\":\"search_term_string\"}}],\"inLanguage\":\"es\"},{\"@type\":\"Organization\",\"@id\":\"https:\/\/seglodim.com.mx\/wp\/#organization\",\"name\":\"seglodim\",\"url\":\"https:\/\/seglodim.com.mx\/wp\/\",\"logo\":{\"@type\":\"ImageObject\",\"inLanguage\":\"es\",\"@id\":\"https:\/\/seglodim.com.mx\/wp\/#\/schema\/logo\/image\/\",\"url\":\"https:\/\/seglodim.com.mx\/wp\/wp-content\/uploads\/2020\/09\/segloim-consombra.png\",\"contentUrl\":\"https:\/\/seglodim.com.mx\/wp\/wp-content\/uploads\/2020\/09\/segloim-consombra.png\",\"width\":647,\"height\":259,\"caption\":\"seglodim\"},\"image\":{\"@id\":\"https:\/\/seglodim.com.mx\/wp\/#\/schema\/logo\/image\/\"},\"sameAs\":[\"https:\/\/www.facebook.com\/seglodim.sa.5\"]}]}<\/script>\n<!-- \/ Yoast SEO plugin. -->","yoast_head_json":{"title":"Impermeabilizante Aislante T\u00e9rmico \/ FLEXACRYL AISLANTE 10 A\u00f1os Blanco - Seglodim","robots":{"index":"index","follow":"follow","max-snippet":"max-snippet:-1","max-image-preview":"max-image-preview:large","max-video-preview":"max-video-preview:-1"},"canonical":"https:\/\/seglodim.com.mx\/wp\/producto\/impermeabilizante-aislante-termico-flexacryl-aislante-10-anos\/","og_locale":"es_MX","og_type":"article","og_title":"Impermeabilizante Aislante T\u00e9rmico \/ FLEXACRYL AISLANTE 10 A\u00f1os Blanco - Seglodim","og_description":"Impermeabilizante aislante t\u00e9rmico \/ FLEXACRYL AISLANTE 10 A\u00f1os Blanco Cubeta de 19L.","og_url":"https:\/\/seglodim.com.mx\/wp\/producto\/impermeabilizante-aislante-termico-flexacryl-aislante-10-anos\/","og_site_name":"Seglodim","article_publisher":"https:\/\/www.facebook.com\/seglodim.sa.5","article_modified_time":"2023-11-08T20:42:27+00:00","og_image":[{"width":300,"height":300,"url":"https:\/\/seglodim.com.mx\/wp\/wp-content\/uploads\/2020\/10\/cubeta_impermeabilizante-300x300-1.png","type":"image\/png"}],"twitter_card":"summary_large_image","twitter_misc":{"Tiempo de lectura":"1 minuto"},"schema":{"@context":"https:\/\/schema.org","@graph":[{"@type":"WebPage","@id":"https:\/\/seglodim.com.mx\/wp\/producto\/impermeabilizante-aislante-termico-flexacryl-aislante-10-anos\/","url":"https:\/\/seglodim.com.mx\/wp\/producto\/impermeabilizante-aislante-termico-flexacryl-aislante-10-anos\/","name":"Impermeabilizante Aislante T\u00e9rmico \/ FLEXACRYL AISLANTE 10 A\u00f1os Blanco - Seglodim","isPartOf":{"@id":"https:\/\/seglodim.com.mx\/wp\/#website"},"primaryImageOfPage":{"@id":"https:\/\/seglodim.com.mx\/wp\/producto\/impermeabilizante-aislante-termico-flexacryl-aislante-10-anos\/#primaryimage"},"image":{"@id":"https:\/\/seglodim.com.mx\/wp\/producto\/impermeabilizante-aislante-termico-flexacryl-aislante-10-anos\/#primaryimage"},"thumbnailUrl":"https:\/\/seglodim.com.mx\/wp\/wp-content\/uploads\/2020\/10\/cubeta_impermeabilizante-300x300-1.png","datePublished":"2020-10-16T17:05:28+00:00","dateModified":"2023-11-08T20:42:27+00:00","breadcrumb":{"@id":"https:\/\/seglodim.com.mx\/wp\/producto\/impermeabilizante-aislante-termico-flexacryl-aislante-10-anos\/#breadcrumb"},"inLanguage":"es","potentialAction":[{"@type":"ReadAction","target":["https:\/\/seglodim.com.mx\/wp\/producto\/impermeabilizante-aislante-termico-flexacryl-aislante-10-anos\/"]}]},{"@type":"ImageObject","inLanguage":"es","@id":"https:\/\/seglodim.com.mx\/wp\/producto\/impermeabilizante-aislante-termico-flexacryl-aislante-10-anos\/#primaryimage","url":"https:\/\/seglodim.com.mx\/wp\/wp-content\/uploads\/2020\/10\/cubeta_impermeabilizante-300x300-1.png","contentUrl":"https:\/\/seglodim.com.mx\/wp\/wp-content\/uploads\/2020\/10\/cubeta_impermeabilizante-300x300-1.png","width":300,"height":300},{"@type":"BreadcrumbList","@id":"https:\/\/seglodim.com.mx\/wp\/producto\/impermeabilizante-aislante-termico-flexacryl-aislante-10-anos\/#breadcrumb","itemListElement":[{"@type":"ListItem","position":1,"name":"Inicio","item":"https:\/\/seglodim.com.mx\/wp\/"},{"@type":"ListItem","position":2,"name":"Tienda","item":"https:\/\/seglodim.com.mx\/wp\/tienda\/"},{"@type":"ListItem","position":3,"name":"Impermeabilizante Aislante T\u00e9rmico \/ FLEXACRYL AISLANTE 10 A\u00f1os Blanco"}]},{"@type":"WebSite","@id":"https:\/\/seglodim.com.mx\/wp\/#website","url":"https:\/\/seglodim.com.mx\/wp\/","name":"Seglodim","description":"Seglodim","publisher":{"@id":"https:\/\/seglodim.com.mx\/wp\/#organization"},"potentialAction":[{"@type":"SearchAction","target":{"@type":"EntryPoint","urlTemplate":"https:\/\/seglodim.com.mx\/wp\/?s={search_term_string}"},"query-input":{"@type":"PropertyValueSpecification","valueRequired":true,"valueName":"search_term_string"}}],"inLanguage":"es"},{"@type":"Organization","@id":"https:\/\/seglodim.com.mx\/wp\/#organization","name":"seglodim","url":"https:\/\/seglodim.com.mx\/wp\/","logo":{"@type":"ImageObject","inLanguage":"es","@id":"https:\/\/seglodim.com.mx\/wp\/#\/schema\/logo\/image\/","url":"https:\/\/seglodim.com.mx\/wp\/wp-content\/uploads\/2020\/09\/segloim-consombra.png","contentUrl":"https:\/\/seglodim.com.mx\/wp\/wp-content\/uploads\/2020\/09\/segloim-consombra.png","width":647,"height":259,"caption":"seglodim"},"image":{"@id":"https:\/\/seglodim.com.mx\/wp\/#\/schema\/logo\/image\/"},"sameAs":["https:\/\/www.facebook.com\/seglodim.sa.5"]}]}},"_links":{"self":[{"href":"https:\/\/seglodim.com.mx\/wp\/wp-json\/wp\/v2\/product\/6134","targetHints":{"allow":["GET"]}}],"collection":[{"href":"https:\/\/seglodim.com.mx\/wp\/wp-json\/wp\/v2\/product"}],"about":[{"href":"https:\/\/seglodim.com.mx\/wp\/wp-json\/wp\/v2\/types\/product"}],"replies":[{"embeddable":true,"href":"https:\/\/seglodim.com.mx\/wp\/wp-json\/wp\/v2\/comments?post=6134"}],"wp:featuredmedia":[{"embeddable":true,"href":"https:\/\/seglodim.com.mx\/wp\/wp-json\/wp\/v2\/media\/6133"}],"wp:attachment":[{"href":"https:\/\/seglodim.com.mx\/wp\/wp-json\/wp\/v2\/media?parent=6134"}],"wp:term":[{"taxonomy":"product_brand","embeddable":true,"href":"https:\/\/seglodim.com.mx\/wp\/wp-json\/wp\/v2\/product_brand?post=6134"},{"taxonomy":"product_cat","embeddable":true,"href":"https:\/\/seglodim.com.mx\/wp\/wp-json\/wp\/v2\/product_cat?post=6134"},{"taxonomy":"product_tag","embeddable":true,"href":"https:\/\/seglodim.com.mx\/wp\/wp-json\/wp\/v2\/product_tag?post=6134"}],"curies":[{"name":"wp","href":"https:\/\/api.w.org\/{rel}","templated":true}]}}