{"id":5898,"date":"2020-10-15T09:43:52","date_gmt":"2020-10-15T14:43:52","guid":{"rendered":"https:\/\/seglodim.com.mx\/wp\/?post_type=product&#038;p=5898"},"modified":"2023-01-23T15:50:15","modified_gmt":"2023-01-23T21:50:15","slug":"nivelante-y-rellenador-de-grietas-de-3-componentes-mortero-expoxico-de-3-componentes","status":"publish","type":"product","link":"https:\/\/seglodim.com.mx\/wp\/producto\/nivelante-y-rellenador-de-grietas-de-3-componentes-mortero-expoxico-de-3-componentes\/","title":{"rendered":"MORTERO EXPOXICO DE 3 COMPONENTES. Nivelante y Rellenador de grietas de 3 componentes. Gal\u00f3n 3.8LT"},"content":{"rendered":"<section class=\"elementor-section elementor-inner-section elementor-element elementor-element-3cbcf117 elementor-section-boxed elementor-section-height-default elementor-section-height-default\" data-id=\"3cbcf117\" data-element_type=\"section\">\n<div class=\"elementor-container elementor-column-gap-default\">\n<div class=\"elementor-row\">\n<div class=\"elementor-column elementor-col-50 elementor-inner-column elementor-element elementor-element-2f131e2c\" data-id=\"2f131e2c\" data-element_type=\"column\">\n<div class=\"elementor-column-wrap elementor-element-populated\">\n<div class=\"elementor-widget-wrap\">\n<div class=\"elementor-element elementor-element-f70dd0c elementor-widget elementor-widget-heading\" data-id=\"f70dd0c\" data-element_type=\"widget\" data-widget_type=\"heading.default\">\n<div class=\"elementor-widget-container\">\n<h2 class=\"elementor-heading-title elementor-size-default\">RESANADOR PARA PISOS<\/h2>\n<\/div>\n<\/div>\n<\/div>\n<\/div>\n<\/div>\n<div class=\"elementor-column elementor-col-50 elementor-inner-column elementor-element elementor-element-4a1230b9\" data-id=\"4a1230b9\" data-element_type=\"column\">\n<div class=\"elementor-column-wrap\">\n<div class=\"elementor-widget-wrap\"><img loading=\"lazy\" decoding=\"async\" class=\"alignnone size-medium wp-image-5903\" src=\"https:\/\/seglodim.com.mx\/wp\/wp-content\/uploads\/2020\/10\/bulto_mortero-300x300-1-300x300.png\" alt=\"\" width=\"300\" height=\"300\" srcset=\"https:\/\/seglodim.com.mx\/wp\/wp-content\/uploads\/2020\/10\/bulto_mortero-300x300-1.png 300w, https:\/\/seglodim.com.mx\/wp\/wp-content\/uploads\/2020\/10\/bulto_mortero-300x300-1-90x90.png 90w, https:\/\/seglodim.com.mx\/wp\/wp-content\/uploads\/2020\/10\/bulto_mortero-300x300-1-150x150.png 150w\" sizes=\"auto, (max-width: 300px) 100vw, 300px\" \/> <img loading=\"lazy\" decoding=\"async\" class=\"alignnone wp-image-6056\" src=\"https:\/\/seglodim.com.mx\/wp\/wp-content\/uploads\/2020\/10\/img-300x300.jpeg\" alt=\"\" width=\"268\" height=\"268\" srcset=\"https:\/\/seglodim.com.mx\/wp\/wp-content\/uploads\/2020\/10\/img-300x300.jpeg 300w, https:\/\/seglodim.com.mx\/wp\/wp-content\/uploads\/2020\/10\/img-90x90.jpeg 90w, https:\/\/seglodim.com.mx\/wp\/wp-content\/uploads\/2020\/10\/img-600x600.jpeg 600w, https:\/\/seglodim.com.mx\/wp\/wp-content\/uploads\/2020\/10\/img-150x150.jpeg 150w, https:\/\/seglodim.com.mx\/wp\/wp-content\/uploads\/2020\/10\/img.jpeg 628w\" sizes=\"auto, (max-width: 268px) 100vw, 268px\" \/><\/div>\n<\/div>\n<\/div>\n<\/div>\n<\/div>\n<\/section>\n<div class=\"elementor-element elementor-element-6643c41a elementor-widget elementor-widget-text-editor\" data-id=\"6643c41a\" data-element_type=\"widget\" data-widget_type=\"text-editor.default\">\n<div class=\"elementor-widget-container\">\n<div class=\"elementor-text-editor elementor-clearfix\">\n<p><strong>DESCRIPCI\u00d3N<\/strong><br \/>\n<strong>MORTERO EP\u00d3XICO<\/strong>\u00a0es un producto de alta resistencia y durabilidad, de tres componentes, fabricado a base de resinas ep\u00f3xicas, endurecedores de aminas modificadas, libres de solvente, con agregados minerales inertes.<br \/>\nRecomendado para todo tipo de pisos, donde el aspecto de limpieza e higiene aunado a una resistencia mec\u00e1nica y qu\u00edmica son importantes.<br \/>\nProducto dise\u00f1ado para la protecci\u00f3n de pisos, cuando se deteriora el concreto.<\/p>\n<p><strong>USOS<\/strong><br \/>\n<strong>MORTERO EP\u00d3XICO<\/strong>\u00a0ayuda a proteger todo tipo de pisos, ya sea en edificios, industriales, laboratorios, hospitales, plantas procesadoras de alimentos, plantas qu\u00edmicas, talleres, escuelas, etc.<br \/>\nSe puede colocar en obras nuevas o en remodelaciones sobre concreto, metal, cer\u00e1mica, loseta vin\u00edlica, piedra, etc.<br \/>\nDependiendo de las necesidades espec\u00edficas de cada uso se recomienda\u00a0<strong>MORTERO EP\u00d3XICO FINO o GRUESO<\/strong>, para lograr la resistencia qu\u00edmica y mec\u00e1nica adecuada en diferentes sectores industriales, comerciales, escuelas o laboratorios.<br \/>\nComo\u00a0<em>\u201cGrout\u201d<\/em>\u00a0para fijar o nivelar maquinaria o equipos.<br \/>\nPara resanar o reparar grietas en pisos de concreto.<br \/>\nComo autonivelante en pisos de concreto que requiere de una alta resistencia mec\u00e1nica.<br \/>\n(Consulte con nuestro departamento t\u00e9cnico para sus requerimientos espec\u00edficos)<\/p>\n<p><strong>VENTAJAS<\/strong><\/p>\n<ul>\n<li>Excelente adherencia en cualquier tipo de sustratos.<\/li>\n<li>Alta resistencia mec\u00e1nica y qu\u00edmica.<\/li>\n<li>Acabado monol\u00edtico para interiores y exteriores.<\/li>\n<li>Juego de tres elementos listo para usarse.<\/li>\n<li>Resistencia a la abrasi\u00f3n, compresi\u00f3n, tensi\u00f3n y al impacto.<\/li>\n<li>Repara y protege el concreto viejo o nuevo.<\/li>\n<li>R\u00e1pido curado.<\/li>\n<li>Flexible e Impermeable.<\/li>\n<li>Higi\u00e9nico.<\/li>\n<li>F\u00e1cil de mezclar.<\/li>\n<li>F\u00e1cil de aplicar.<\/li>\n<li>Producto no t\u00f3xico ni contaminante.<\/li>\n<\/ul>\n<p style=\"text-align: center;\"><span style=\"color: #3366ff;\"><strong><a style=\"color: #3366ff;\" href=\"https:\/\/seglodim.com.mx\/wp\/wp-content\/uploads\/2020\/10\/mortero_epoxico.pdf\" target=\"_blank\" rel=\"noopener noreferrer\">Bolet\u00edn t\u00e9cnico<\/a> \u00a0<\/strong><\/span><\/p>\n<\/div>\n<\/div>\n<\/div>\n","protected":false},"excerpt":{"rendered":"<p>Nivelante y Rellenador de grietas de 3 componentes. MORTERO EXPOXICO DE 3 COMPONENTES. Galon de 3.8 L<\/p>\n","protected":false},"featured_media":5488,"comment_status":"open","ping_status":"closed","template":"","meta":[],"product_brand":[],"product_cat":[833,852],"product_tag":[800,807,876,879,874,875,877,765,878],"class_list":{"0":"post-5898","1":"product","2":"type-product","3":"status-publish","4":"has-post-thumbnail","6":"product_cat-industrial","7":"product_cat-pisos-epoxicos-sistema-industrial","8":"product_tag-componentes","9":"product_tag-epoxico","10":"product_tag-expoxico","11":"product_tag-grietas","12":"product_tag-industrial","13":"product_tag-mortero","14":"product_tag-nivelante","15":"product_tag-pintex","16":"product_tag-rellenador","18":"first","19":"instock","20":"taxable","21":"shipping-taxable","22":"purchasable","23":"product-type-simple"},"supplier_id":null,"supplier_sku":"","barcode":null,"atum_controlled":true,"out_stock_date":null,"out_stock_threshold":null,"inheritable":false,"inbound_stock":0,"stock_on_hold":0,"sold_today":0,"sales_last_days":0,"reserved_stock":0,"customer_returns":0,"warehouse_damage":0,"lost_in_post":0,"other_logs":0,"out_stock_days":0,"lost_sales":0,"has_location":false,"update_date":"2026-04-15T00:33:21","atum_locations":[],"atum_stock_status":"instock","restock_status":false,"low_stock_amount":"","sales_update_date":"2026-04-15T00:33:21","calc_backorders":null,"yoast_head":"<!-- This site is optimized with the Yoast SEO plugin v27.2 - https:\/\/yoast.com\/product\/yoast-seo-wordpress\/ -->\n<title>MORTERO EXPOXICO DE 3 COMPONENTES. Nivelante y Rellenador de grietas de 3 componentes. Gal\u00f3n 3.8LT - Seglodim<\/title>\n<meta name=\"robots\" content=\"index, follow, max-snippet:-1, max-image-preview:large, max-video-preview:-1\" \/>\n<link rel=\"canonical\" href=\"https:\/\/seglodim.com.mx\/wp\/producto\/nivelante-y-rellenador-de-grietas-de-3-componentes-mortero-expoxico-de-3-componentes\/\" \/>\n<meta property=\"og:locale\" content=\"es_MX\" \/>\n<meta property=\"og:type\" content=\"article\" \/>\n<meta property=\"og:title\" content=\"MORTERO EXPOXICO DE 3 COMPONENTES. Nivelante y Rellenador de grietas de 3 componentes. Gal\u00f3n 3.8LT - Seglodim\" \/>\n<meta property=\"og:description\" content=\"Nivelante y Rellenador de grietas de 3 componentes. MORTERO EXPOXICO DE 3 COMPONENTES. Galon de 3.8 L\" \/>\n<meta property=\"og:url\" content=\"https:\/\/seglodim.com.mx\/wp\/producto\/nivelante-y-rellenador-de-grietas-de-3-componentes-mortero-expoxico-de-3-componentes\/\" \/>\n<meta property=\"og:site_name\" content=\"Seglodim\" \/>\n<meta property=\"article:publisher\" content=\"https:\/\/www.facebook.com\/seglodim.sa.5\" \/>\n<meta property=\"article:modified_time\" content=\"2023-01-23T21:50:15+00:00\" \/>\n<meta property=\"og:image\" content=\"https:\/\/seglodim.com.mx\/wp\/wp-content\/uploads\/2020\/10\/cubeta_producto-especial-base-solvente-300x300-1.png\" \/>\n\t<meta property=\"og:image:width\" content=\"300\" \/>\n\t<meta property=\"og:image:height\" content=\"300\" \/>\n\t<meta property=\"og:image:type\" content=\"image\/png\" \/>\n<meta name=\"twitter:card\" content=\"summary_large_image\" \/>\n<meta name=\"twitter:label1\" content=\"Tiempo de lectura\" \/>\n\t<meta name=\"twitter:data1\" content=\"1 minuto\" \/>\n<script type=\"application\/ld+json\" class=\"yoast-schema-graph\">{\"@context\":\"https:\/\/schema.org\",\"@graph\":[{\"@type\":\"WebPage\",\"@id\":\"https:\/\/seglodim.com.mx\/wp\/producto\/nivelante-y-rellenador-de-grietas-de-3-componentes-mortero-expoxico-de-3-componentes\/\",\"url\":\"https:\/\/seglodim.com.mx\/wp\/producto\/nivelante-y-rellenador-de-grietas-de-3-componentes-mortero-expoxico-de-3-componentes\/\",\"name\":\"MORTERO EXPOXICO DE 3 COMPONENTES. Nivelante y Rellenador de grietas de 3 componentes. Gal\u00f3n 3.8LT - Seglodim\",\"isPartOf\":{\"@id\":\"https:\/\/seglodim.com.mx\/wp\/#website\"},\"primaryImageOfPage\":{\"@id\":\"https:\/\/seglodim.com.mx\/wp\/producto\/nivelante-y-rellenador-de-grietas-de-3-componentes-mortero-expoxico-de-3-componentes\/#primaryimage\"},\"image\":{\"@id\":\"https:\/\/seglodim.com.mx\/wp\/producto\/nivelante-y-rellenador-de-grietas-de-3-componentes-mortero-expoxico-de-3-componentes\/#primaryimage\"},\"thumbnailUrl\":\"https:\/\/seglodim.com.mx\/wp\/wp-content\/uploads\/2020\/10\/cubeta_producto-especial-base-solvente-300x300-1.png\",\"datePublished\":\"2020-10-15T14:43:52+00:00\",\"dateModified\":\"2023-01-23T21:50:15+00:00\",\"breadcrumb\":{\"@id\":\"https:\/\/seglodim.com.mx\/wp\/producto\/nivelante-y-rellenador-de-grietas-de-3-componentes-mortero-expoxico-de-3-componentes\/#breadcrumb\"},\"inLanguage\":\"es\",\"potentialAction\":[{\"@type\":\"ReadAction\",\"target\":[\"https:\/\/seglodim.com.mx\/wp\/producto\/nivelante-y-rellenador-de-grietas-de-3-componentes-mortero-expoxico-de-3-componentes\/\"]}]},{\"@type\":\"ImageObject\",\"inLanguage\":\"es\",\"@id\":\"https:\/\/seglodim.com.mx\/wp\/producto\/nivelante-y-rellenador-de-grietas-de-3-componentes-mortero-expoxico-de-3-componentes\/#primaryimage\",\"url\":\"https:\/\/seglodim.com.mx\/wp\/wp-content\/uploads\/2020\/10\/cubeta_producto-especial-base-solvente-300x300-1.png\",\"contentUrl\":\"https:\/\/seglodim.com.mx\/wp\/wp-content\/uploads\/2020\/10\/cubeta_producto-especial-base-solvente-300x300-1.png\",\"width\":300,\"height\":300},{\"@type\":\"BreadcrumbList\",\"@id\":\"https:\/\/seglodim.com.mx\/wp\/producto\/nivelante-y-rellenador-de-grietas-de-3-componentes-mortero-expoxico-de-3-componentes\/#breadcrumb\",\"itemListElement\":[{\"@type\":\"ListItem\",\"position\":1,\"name\":\"Inicio\",\"item\":\"https:\/\/seglodim.com.mx\/wp\/\"},{\"@type\":\"ListItem\",\"position\":2,\"name\":\"Tienda\",\"item\":\"https:\/\/seglodim.com.mx\/wp\/tienda\/\"},{\"@type\":\"ListItem\",\"position\":3,\"name\":\"MORTERO EXPOXICO DE 3 COMPONENTES. Nivelante y Rellenador de grietas de 3 componentes. Gal\u00f3n 3.8LT\"}]},{\"@type\":\"WebSite\",\"@id\":\"https:\/\/seglodim.com.mx\/wp\/#website\",\"url\":\"https:\/\/seglodim.com.mx\/wp\/\",\"name\":\"Seglodim\",\"description\":\"Seglodim\",\"publisher\":{\"@id\":\"https:\/\/seglodim.com.mx\/wp\/#organization\"},\"potentialAction\":[{\"@type\":\"SearchAction\",\"target\":{\"@type\":\"EntryPoint\",\"urlTemplate\":\"https:\/\/seglodim.com.mx\/wp\/?s={search_term_string}\"},\"query-input\":{\"@type\":\"PropertyValueSpecification\",\"valueRequired\":true,\"valueName\":\"search_term_string\"}}],\"inLanguage\":\"es\"},{\"@type\":\"Organization\",\"@id\":\"https:\/\/seglodim.com.mx\/wp\/#organization\",\"name\":\"seglodim\",\"url\":\"https:\/\/seglodim.com.mx\/wp\/\",\"logo\":{\"@type\":\"ImageObject\",\"inLanguage\":\"es\",\"@id\":\"https:\/\/seglodim.com.mx\/wp\/#\/schema\/logo\/image\/\",\"url\":\"https:\/\/seglodim.com.mx\/wp\/wp-content\/uploads\/2020\/09\/segloim-consombra.png\",\"contentUrl\":\"https:\/\/seglodim.com.mx\/wp\/wp-content\/uploads\/2020\/09\/segloim-consombra.png\",\"width\":647,\"height\":259,\"caption\":\"seglodim\"},\"image\":{\"@id\":\"https:\/\/seglodim.com.mx\/wp\/#\/schema\/logo\/image\/\"},\"sameAs\":[\"https:\/\/www.facebook.com\/seglodim.sa.5\"]}]}<\/script>\n<!-- \/ Yoast SEO plugin. -->","yoast_head_json":{"title":"MORTERO EXPOXICO DE 3 COMPONENTES. Nivelante y Rellenador de grietas de 3 componentes. Gal\u00f3n 3.8LT - Seglodim","robots":{"index":"index","follow":"follow","max-snippet":"max-snippet:-1","max-image-preview":"max-image-preview:large","max-video-preview":"max-video-preview:-1"},"canonical":"https:\/\/seglodim.com.mx\/wp\/producto\/nivelante-y-rellenador-de-grietas-de-3-componentes-mortero-expoxico-de-3-componentes\/","og_locale":"es_MX","og_type":"article","og_title":"MORTERO EXPOXICO DE 3 COMPONENTES. Nivelante y Rellenador de grietas de 3 componentes. Gal\u00f3n 3.8LT - Seglodim","og_description":"Nivelante y Rellenador de grietas de 3 componentes. MORTERO EXPOXICO DE 3 COMPONENTES. Galon de 3.8 L","og_url":"https:\/\/seglodim.com.mx\/wp\/producto\/nivelante-y-rellenador-de-grietas-de-3-componentes-mortero-expoxico-de-3-componentes\/","og_site_name":"Seglodim","article_publisher":"https:\/\/www.facebook.com\/seglodim.sa.5","article_modified_time":"2023-01-23T21:50:15+00:00","og_image":[{"width":300,"height":300,"url":"https:\/\/seglodim.com.mx\/wp\/wp-content\/uploads\/2020\/10\/cubeta_producto-especial-base-solvente-300x300-1.png","type":"image\/png"}],"twitter_card":"summary_large_image","twitter_misc":{"Tiempo de lectura":"1 minuto"},"schema":{"@context":"https:\/\/schema.org","@graph":[{"@type":"WebPage","@id":"https:\/\/seglodim.com.mx\/wp\/producto\/nivelante-y-rellenador-de-grietas-de-3-componentes-mortero-expoxico-de-3-componentes\/","url":"https:\/\/seglodim.com.mx\/wp\/producto\/nivelante-y-rellenador-de-grietas-de-3-componentes-mortero-expoxico-de-3-componentes\/","name":"MORTERO EXPOXICO DE 3 COMPONENTES. Nivelante y Rellenador de grietas de 3 componentes. Gal\u00f3n 3.8LT - Seglodim","isPartOf":{"@id":"https:\/\/seglodim.com.mx\/wp\/#website"},"primaryImageOfPage":{"@id":"https:\/\/seglodim.com.mx\/wp\/producto\/nivelante-y-rellenador-de-grietas-de-3-componentes-mortero-expoxico-de-3-componentes\/#primaryimage"},"image":{"@id":"https:\/\/seglodim.com.mx\/wp\/producto\/nivelante-y-rellenador-de-grietas-de-3-componentes-mortero-expoxico-de-3-componentes\/#primaryimage"},"thumbnailUrl":"https:\/\/seglodim.com.mx\/wp\/wp-content\/uploads\/2020\/10\/cubeta_producto-especial-base-solvente-300x300-1.png","datePublished":"2020-10-15T14:43:52+00:00","dateModified":"2023-01-23T21:50:15+00:00","breadcrumb":{"@id":"https:\/\/seglodim.com.mx\/wp\/producto\/nivelante-y-rellenador-de-grietas-de-3-componentes-mortero-expoxico-de-3-componentes\/#breadcrumb"},"inLanguage":"es","potentialAction":[{"@type":"ReadAction","target":["https:\/\/seglodim.com.mx\/wp\/producto\/nivelante-y-rellenador-de-grietas-de-3-componentes-mortero-expoxico-de-3-componentes\/"]}]},{"@type":"ImageObject","inLanguage":"es","@id":"https:\/\/seglodim.com.mx\/wp\/producto\/nivelante-y-rellenador-de-grietas-de-3-componentes-mortero-expoxico-de-3-componentes\/#primaryimage","url":"https:\/\/seglodim.com.mx\/wp\/wp-content\/uploads\/2020\/10\/cubeta_producto-especial-base-solvente-300x300-1.png","contentUrl":"https:\/\/seglodim.com.mx\/wp\/wp-content\/uploads\/2020\/10\/cubeta_producto-especial-base-solvente-300x300-1.png","width":300,"height":300},{"@type":"BreadcrumbList","@id":"https:\/\/seglodim.com.mx\/wp\/producto\/nivelante-y-rellenador-de-grietas-de-3-componentes-mortero-expoxico-de-3-componentes\/#breadcrumb","itemListElement":[{"@type":"ListItem","position":1,"name":"Inicio","item":"https:\/\/seglodim.com.mx\/wp\/"},{"@type":"ListItem","position":2,"name":"Tienda","item":"https:\/\/seglodim.com.mx\/wp\/tienda\/"},{"@type":"ListItem","position":3,"name":"MORTERO EXPOXICO DE 3 COMPONENTES. Nivelante y Rellenador de grietas de 3 componentes. Gal\u00f3n 3.8LT"}]},{"@type":"WebSite","@id":"https:\/\/seglodim.com.mx\/wp\/#website","url":"https:\/\/seglodim.com.mx\/wp\/","name":"Seglodim","description":"Seglodim","publisher":{"@id":"https:\/\/seglodim.com.mx\/wp\/#organization"},"potentialAction":[{"@type":"SearchAction","target":{"@type":"EntryPoint","urlTemplate":"https:\/\/seglodim.com.mx\/wp\/?s={search_term_string}"},"query-input":{"@type":"PropertyValueSpecification","valueRequired":true,"valueName":"search_term_string"}}],"inLanguage":"es"},{"@type":"Organization","@id":"https:\/\/seglodim.com.mx\/wp\/#organization","name":"seglodim","url":"https:\/\/seglodim.com.mx\/wp\/","logo":{"@type":"ImageObject","inLanguage":"es","@id":"https:\/\/seglodim.com.mx\/wp\/#\/schema\/logo\/image\/","url":"https:\/\/seglodim.com.mx\/wp\/wp-content\/uploads\/2020\/09\/segloim-consombra.png","contentUrl":"https:\/\/seglodim.com.mx\/wp\/wp-content\/uploads\/2020\/09\/segloim-consombra.png","width":647,"height":259,"caption":"seglodim"},"image":{"@id":"https:\/\/seglodim.com.mx\/wp\/#\/schema\/logo\/image\/"},"sameAs":["https:\/\/www.facebook.com\/seglodim.sa.5"]}]}},"_links":{"self":[{"href":"https:\/\/seglodim.com.mx\/wp\/wp-json\/wp\/v2\/product\/5898","targetHints":{"allow":["GET"]}}],"collection":[{"href":"https:\/\/seglodim.com.mx\/wp\/wp-json\/wp\/v2\/product"}],"about":[{"href":"https:\/\/seglodim.com.mx\/wp\/wp-json\/wp\/v2\/types\/product"}],"replies":[{"embeddable":true,"href":"https:\/\/seglodim.com.mx\/wp\/wp-json\/wp\/v2\/comments?post=5898"}],"wp:featuredmedia":[{"embeddable":true,"href":"https:\/\/seglodim.com.mx\/wp\/wp-json\/wp\/v2\/media\/5488"}],"wp:attachment":[{"href":"https:\/\/seglodim.com.mx\/wp\/wp-json\/wp\/v2\/media?parent=5898"}],"wp:term":[{"taxonomy":"product_brand","embeddable":true,"href":"https:\/\/seglodim.com.mx\/wp\/wp-json\/wp\/v2\/product_brand?post=5898"},{"taxonomy":"product_cat","embeddable":true,"href":"https:\/\/seglodim.com.mx\/wp\/wp-json\/wp\/v2\/product_cat?post=5898"},{"taxonomy":"product_tag","embeddable":true,"href":"https:\/\/seglodim.com.mx\/wp\/wp-json\/wp\/v2\/product_tag?post=5898"}],"curies":[{"name":"wp","href":"https:\/\/api.w.org\/{rel}","templated":true}]}}