{"id":5425,"date":"2020-09-05T10:05:13","date_gmt":"2020-09-05T15:05:13","guid":{"rendered":"https:\/\/seglodim.com.mx\/wp\/?post_type=product&#038;p=5425"},"modified":"2023-11-17T10:12:28","modified_gmt":"2023-11-17T16:12:28","slug":"pintura-acrilica-duracolor-7-anos-cubeta-de-19l-calidad-residencial","status":"publish","type":"product","link":"https:\/\/seglodim.com.mx\/wp\/producto\/pintura-acrilica-duracolor-7-anos-cubeta-de-19l-calidad-residencial\/","title":{"rendered":"Pintura Acrilica DURACOLOR 10 A\u00d1OS Cubeta de 19L, Calidad Residencial."},"content":{"rendered":"<p>PINTURA ACR\u00cdLICA | ACABADO MATE | EXCELENTE CALIDAD RESIDENCIAL<br \/>\nDESCRIPCI\u00d3N: DURACOLOR 7 A\u00d1OS, es una pintura acr\u00edlica de excelente calidad, formulada a base de resinas acr\u00edlicas y pigmentos inorg\u00e1nicos que le proporcionan protecci\u00f3n y color en un brochazo. Es una pintura con buena molienda y uniformidad que garantiza un excelente acabado, decorando todas las superficies con un toque de elegancia a un costo medio. Colores B\u00e1sicos + 880 colores a elegir del taco de color.<\/p>\n<p>USOS: DURACOLOR 7 A\u00d1OS como revestimiento l\u00edquido en todo tipo de superficies como: muros, plafones, Tablaroca, etc. Para interiores y exteriores.<\/p>\n<p>VENTAJAS:<br \/>\nAlto poder cubriente.<br \/>\nDurabilidad de la pel\u00edcula de la pintura hasta por 7 a\u00f1os sin alteraci\u00f3n.<br \/>\nF\u00e1cil aplicaci\u00f3n.<br \/>\nNo se fisura ni desprende.<br \/>\nLibre de hongos.<br \/>\nNo es flamable ni t\u00f3xica.<\/p>\n<p style=\"text-align: center;\"><span style=\"color: #3366ff;\"><strong><a style=\"color: #3366ff;\" href=\"https:\/\/seglodim.com.mx\/wp\/wp-content\/uploads\/2020\/10\/duracolor.pdf\" target=\"_blank\" rel=\"noopener noreferrer\">Bolet\u00edn t\u00e9cnico \u00a0 <\/a>\u00a0 \u00a0 \u00a0 \u00a0 \u00a0 \u00a0 \u00a0 \u00a0 \u00a0 \u00a0 \u00a0 <\/strong><\/span><span style=\"color: #3366ff;\"><strong><span class=\"popmake-5464\">Colores<\/span><\/strong><\/span><\/p>\n","protected":false},"excerpt":{"rendered":"<p>Pintura Acr\u00edlica DURACOLOR 7 A\u00d1OS. Cubeta de 19L, Calidad Residencial.<\/p>\n","protected":false},"featured_media":5442,"comment_status":"open","ping_status":"closed","template":"","meta":[],"product_brand":[],"product_cat":[772,837],"product_tag":[761,764,765,187],"class_list":{"0":"post-5425","1":"product","2":"type-product","3":"status-publish","4":"has-post-thumbnail","6":"product_cat-construccion","7":"product_cat-pinturas-acrilicas-deportivas","8":"product_tag-acrilica","9":"product_tag-duracolor","10":"product_tag-pintex","11":"product_tag-pintura","13":"first","14":"instock","15":"taxable","16":"shipping-taxable","17":"purchasable","18":"product-type-simple"},"supplier_id":null,"supplier_sku":"","barcode":null,"atum_controlled":true,"out_stock_date":null,"out_stock_threshold":null,"inheritable":false,"inbound_stock":0,"stock_on_hold":0,"sold_today":0,"sales_last_days":0,"reserved_stock":0,"customer_returns":0,"warehouse_damage":0,"lost_in_post":0,"other_logs":0,"out_stock_days":0,"lost_sales":0,"has_location":false,"update_date":"2026-05-01T00:48:58","atum_locations":[],"atum_stock_status":"instock","restock_status":false,"low_stock_amount":"","sales_update_date":"2026-05-01T00:48:58","calc_backorders":null,"yoast_head":"<!-- This site is optimized with the Yoast SEO plugin v27.2 - https:\/\/yoast.com\/product\/yoast-seo-wordpress\/ -->\n<title>Pintura Acrilica DURACOLOR 10 A\u00d1OS Cubeta de 19L, Calidad Residencial. - Seglodim<\/title>\n<meta name=\"robots\" content=\"index, follow, max-snippet:-1, max-image-preview:large, max-video-preview:-1\" \/>\n<link rel=\"canonical\" href=\"https:\/\/seglodim.com.mx\/wp\/producto\/pintura-acrilica-duracolor-7-anos-cubeta-de-19l-calidad-residencial\/\" \/>\n<meta property=\"og:locale\" content=\"es_MX\" \/>\n<meta property=\"og:type\" content=\"article\" \/>\n<meta property=\"og:title\" content=\"Pintura Acrilica DURACOLOR 10 A\u00d1OS Cubeta de 19L, Calidad Residencial. - Seglodim\" \/>\n<meta property=\"og:description\" content=\"Pintura Acr\u00edlica DURACOLOR 7 A\u00d1OS. Cubeta de 19L, Calidad Residencial.\" \/>\n<meta property=\"og:url\" content=\"https:\/\/seglodim.com.mx\/wp\/producto\/pintura-acrilica-duracolor-7-anos-cubeta-de-19l-calidad-residencial\/\" \/>\n<meta property=\"og:site_name\" content=\"Seglodim\" \/>\n<meta property=\"article:publisher\" content=\"https:\/\/www.facebook.com\/seglodim.sa.5\" \/>\n<meta property=\"article:modified_time\" content=\"2023-11-17T16:12:28+00:00\" \/>\n<meta property=\"og:image\" content=\"https:\/\/seglodim.com.mx\/wp\/wp-content\/uploads\/2020\/10\/cubeta_pinturas-1.png\" \/>\n\t<meta property=\"og:image:width\" content=\"628\" \/>\n\t<meta property=\"og:image:height\" content=\"628\" \/>\n\t<meta property=\"og:image:type\" content=\"image\/png\" \/>\n<meta name=\"twitter:card\" content=\"summary_large_image\" \/>\n<meta name=\"twitter:label1\" content=\"Tiempo de lectura\" \/>\n\t<meta name=\"twitter:data1\" content=\"1 minuto\" \/>\n<script type=\"application\/ld+json\" class=\"yoast-schema-graph\">{\"@context\":\"https:\/\/schema.org\",\"@graph\":[{\"@type\":\"WebPage\",\"@id\":\"https:\/\/seglodim.com.mx\/wp\/producto\/pintura-acrilica-duracolor-7-anos-cubeta-de-19l-calidad-residencial\/\",\"url\":\"https:\/\/seglodim.com.mx\/wp\/producto\/pintura-acrilica-duracolor-7-anos-cubeta-de-19l-calidad-residencial\/\",\"name\":\"Pintura Acrilica DURACOLOR 10 A\u00d1OS Cubeta de 19L, Calidad Residencial. - Seglodim\",\"isPartOf\":{\"@id\":\"https:\/\/seglodim.com.mx\/wp\/#website\"},\"primaryImageOfPage\":{\"@id\":\"https:\/\/seglodim.com.mx\/wp\/producto\/pintura-acrilica-duracolor-7-anos-cubeta-de-19l-calidad-residencial\/#primaryimage\"},\"image\":{\"@id\":\"https:\/\/seglodim.com.mx\/wp\/producto\/pintura-acrilica-duracolor-7-anos-cubeta-de-19l-calidad-residencial\/#primaryimage\"},\"thumbnailUrl\":\"https:\/\/seglodim.com.mx\/wp\/wp-content\/uploads\/2020\/10\/cubeta_pinturas-1.png\",\"datePublished\":\"2020-09-05T15:05:13+00:00\",\"dateModified\":\"2023-11-17T16:12:28+00:00\",\"breadcrumb\":{\"@id\":\"https:\/\/seglodim.com.mx\/wp\/producto\/pintura-acrilica-duracolor-7-anos-cubeta-de-19l-calidad-residencial\/#breadcrumb\"},\"inLanguage\":\"es\",\"potentialAction\":[{\"@type\":\"ReadAction\",\"target\":[\"https:\/\/seglodim.com.mx\/wp\/producto\/pintura-acrilica-duracolor-7-anos-cubeta-de-19l-calidad-residencial\/\"]}]},{\"@type\":\"ImageObject\",\"inLanguage\":\"es\",\"@id\":\"https:\/\/seglodim.com.mx\/wp\/producto\/pintura-acrilica-duracolor-7-anos-cubeta-de-19l-calidad-residencial\/#primaryimage\",\"url\":\"https:\/\/seglodim.com.mx\/wp\/wp-content\/uploads\/2020\/10\/cubeta_pinturas-1.png\",\"contentUrl\":\"https:\/\/seglodim.com.mx\/wp\/wp-content\/uploads\/2020\/10\/cubeta_pinturas-1.png\",\"width\":628,\"height\":628},{\"@type\":\"BreadcrumbList\",\"@id\":\"https:\/\/seglodim.com.mx\/wp\/producto\/pintura-acrilica-duracolor-7-anos-cubeta-de-19l-calidad-residencial\/#breadcrumb\",\"itemListElement\":[{\"@type\":\"ListItem\",\"position\":1,\"name\":\"Inicio\",\"item\":\"https:\/\/seglodim.com.mx\/wp\/\"},{\"@type\":\"ListItem\",\"position\":2,\"name\":\"Tienda\",\"item\":\"https:\/\/seglodim.com.mx\/wp\/tienda\/\"},{\"@type\":\"ListItem\",\"position\":3,\"name\":\"Pintura Acrilica DURACOLOR 10 A\u00d1OS Cubeta de 19L, Calidad Residencial.\"}]},{\"@type\":\"WebSite\",\"@id\":\"https:\/\/seglodim.com.mx\/wp\/#website\",\"url\":\"https:\/\/seglodim.com.mx\/wp\/\",\"name\":\"Seglodim\",\"description\":\"Seglodim\",\"publisher\":{\"@id\":\"https:\/\/seglodim.com.mx\/wp\/#organization\"},\"potentialAction\":[{\"@type\":\"SearchAction\",\"target\":{\"@type\":\"EntryPoint\",\"urlTemplate\":\"https:\/\/seglodim.com.mx\/wp\/?s={search_term_string}\"},\"query-input\":{\"@type\":\"PropertyValueSpecification\",\"valueRequired\":true,\"valueName\":\"search_term_string\"}}],\"inLanguage\":\"es\"},{\"@type\":\"Organization\",\"@id\":\"https:\/\/seglodim.com.mx\/wp\/#organization\",\"name\":\"seglodim\",\"url\":\"https:\/\/seglodim.com.mx\/wp\/\",\"logo\":{\"@type\":\"ImageObject\",\"inLanguage\":\"es\",\"@id\":\"https:\/\/seglodim.com.mx\/wp\/#\/schema\/logo\/image\/\",\"url\":\"https:\/\/seglodim.com.mx\/wp\/wp-content\/uploads\/2020\/09\/segloim-consombra.png\",\"contentUrl\":\"https:\/\/seglodim.com.mx\/wp\/wp-content\/uploads\/2020\/09\/segloim-consombra.png\",\"width\":647,\"height\":259,\"caption\":\"seglodim\"},\"image\":{\"@id\":\"https:\/\/seglodim.com.mx\/wp\/#\/schema\/logo\/image\/\"},\"sameAs\":[\"https:\/\/www.facebook.com\/seglodim.sa.5\"]}]}<\/script>\n<!-- \/ Yoast SEO plugin. -->","yoast_head_json":{"title":"Pintura Acrilica DURACOLOR 10 A\u00d1OS Cubeta de 19L, Calidad Residencial. - Seglodim","robots":{"index":"index","follow":"follow","max-snippet":"max-snippet:-1","max-image-preview":"max-image-preview:large","max-video-preview":"max-video-preview:-1"},"canonical":"https:\/\/seglodim.com.mx\/wp\/producto\/pintura-acrilica-duracolor-7-anos-cubeta-de-19l-calidad-residencial\/","og_locale":"es_MX","og_type":"article","og_title":"Pintura Acrilica DURACOLOR 10 A\u00d1OS Cubeta de 19L, Calidad Residencial. - Seglodim","og_description":"Pintura Acr\u00edlica DURACOLOR 7 A\u00d1OS. Cubeta de 19L, Calidad Residencial.","og_url":"https:\/\/seglodim.com.mx\/wp\/producto\/pintura-acrilica-duracolor-7-anos-cubeta-de-19l-calidad-residencial\/","og_site_name":"Seglodim","article_publisher":"https:\/\/www.facebook.com\/seglodim.sa.5","article_modified_time":"2023-11-17T16:12:28+00:00","og_image":[{"width":628,"height":628,"url":"https:\/\/seglodim.com.mx\/wp\/wp-content\/uploads\/2020\/10\/cubeta_pinturas-1.png","type":"image\/png"}],"twitter_card":"summary_large_image","twitter_misc":{"Tiempo de lectura":"1 minuto"},"schema":{"@context":"https:\/\/schema.org","@graph":[{"@type":"WebPage","@id":"https:\/\/seglodim.com.mx\/wp\/producto\/pintura-acrilica-duracolor-7-anos-cubeta-de-19l-calidad-residencial\/","url":"https:\/\/seglodim.com.mx\/wp\/producto\/pintura-acrilica-duracolor-7-anos-cubeta-de-19l-calidad-residencial\/","name":"Pintura Acrilica DURACOLOR 10 A\u00d1OS Cubeta de 19L, Calidad Residencial. - Seglodim","isPartOf":{"@id":"https:\/\/seglodim.com.mx\/wp\/#website"},"primaryImageOfPage":{"@id":"https:\/\/seglodim.com.mx\/wp\/producto\/pintura-acrilica-duracolor-7-anos-cubeta-de-19l-calidad-residencial\/#primaryimage"},"image":{"@id":"https:\/\/seglodim.com.mx\/wp\/producto\/pintura-acrilica-duracolor-7-anos-cubeta-de-19l-calidad-residencial\/#primaryimage"},"thumbnailUrl":"https:\/\/seglodim.com.mx\/wp\/wp-content\/uploads\/2020\/10\/cubeta_pinturas-1.png","datePublished":"2020-09-05T15:05:13+00:00","dateModified":"2023-11-17T16:12:28+00:00","breadcrumb":{"@id":"https:\/\/seglodim.com.mx\/wp\/producto\/pintura-acrilica-duracolor-7-anos-cubeta-de-19l-calidad-residencial\/#breadcrumb"},"inLanguage":"es","potentialAction":[{"@type":"ReadAction","target":["https:\/\/seglodim.com.mx\/wp\/producto\/pintura-acrilica-duracolor-7-anos-cubeta-de-19l-calidad-residencial\/"]}]},{"@type":"ImageObject","inLanguage":"es","@id":"https:\/\/seglodim.com.mx\/wp\/producto\/pintura-acrilica-duracolor-7-anos-cubeta-de-19l-calidad-residencial\/#primaryimage","url":"https:\/\/seglodim.com.mx\/wp\/wp-content\/uploads\/2020\/10\/cubeta_pinturas-1.png","contentUrl":"https:\/\/seglodim.com.mx\/wp\/wp-content\/uploads\/2020\/10\/cubeta_pinturas-1.png","width":628,"height":628},{"@type":"BreadcrumbList","@id":"https:\/\/seglodim.com.mx\/wp\/producto\/pintura-acrilica-duracolor-7-anos-cubeta-de-19l-calidad-residencial\/#breadcrumb","itemListElement":[{"@type":"ListItem","position":1,"name":"Inicio","item":"https:\/\/seglodim.com.mx\/wp\/"},{"@type":"ListItem","position":2,"name":"Tienda","item":"https:\/\/seglodim.com.mx\/wp\/tienda\/"},{"@type":"ListItem","position":3,"name":"Pintura Acrilica DURACOLOR 10 A\u00d1OS Cubeta de 19L, Calidad Residencial."}]},{"@type":"WebSite","@id":"https:\/\/seglodim.com.mx\/wp\/#website","url":"https:\/\/seglodim.com.mx\/wp\/","name":"Seglodim","description":"Seglodim","publisher":{"@id":"https:\/\/seglodim.com.mx\/wp\/#organization"},"potentialAction":[{"@type":"SearchAction","target":{"@type":"EntryPoint","urlTemplate":"https:\/\/seglodim.com.mx\/wp\/?s={search_term_string}"},"query-input":{"@type":"PropertyValueSpecification","valueRequired":true,"valueName":"search_term_string"}}],"inLanguage":"es"},{"@type":"Organization","@id":"https:\/\/seglodim.com.mx\/wp\/#organization","name":"seglodim","url":"https:\/\/seglodim.com.mx\/wp\/","logo":{"@type":"ImageObject","inLanguage":"es","@id":"https:\/\/seglodim.com.mx\/wp\/#\/schema\/logo\/image\/","url":"https:\/\/seglodim.com.mx\/wp\/wp-content\/uploads\/2020\/09\/segloim-consombra.png","contentUrl":"https:\/\/seglodim.com.mx\/wp\/wp-content\/uploads\/2020\/09\/segloim-consombra.png","width":647,"height":259,"caption":"seglodim"},"image":{"@id":"https:\/\/seglodim.com.mx\/wp\/#\/schema\/logo\/image\/"},"sameAs":["https:\/\/www.facebook.com\/seglodim.sa.5"]}]}},"_links":{"self":[{"href":"https:\/\/seglodim.com.mx\/wp\/wp-json\/wp\/v2\/product\/5425","targetHints":{"allow":["GET"]}}],"collection":[{"href":"https:\/\/seglodim.com.mx\/wp\/wp-json\/wp\/v2\/product"}],"about":[{"href":"https:\/\/seglodim.com.mx\/wp\/wp-json\/wp\/v2\/types\/product"}],"replies":[{"embeddable":true,"href":"https:\/\/seglodim.com.mx\/wp\/wp-json\/wp\/v2\/comments?post=5425"}],"wp:featuredmedia":[{"embeddable":true,"href":"https:\/\/seglodim.com.mx\/wp\/wp-json\/wp\/v2\/media\/5442"}],"wp:attachment":[{"href":"https:\/\/seglodim.com.mx\/wp\/wp-json\/wp\/v2\/media?parent=5425"}],"wp:term":[{"taxonomy":"product_brand","embeddable":true,"href":"https:\/\/seglodim.com.mx\/wp\/wp-json\/wp\/v2\/product_brand?post=5425"},{"taxonomy":"product_cat","embeddable":true,"href":"https:\/\/seglodim.com.mx\/wp\/wp-json\/wp\/v2\/product_cat?post=5425"},{"taxonomy":"product_tag","embeddable":true,"href":"https:\/\/seglodim.com.mx\/wp\/wp-json\/wp\/v2\/product_tag?post=5425"}],"curies":[{"name":"wp","href":"https:\/\/api.w.org\/{rel}","templated":true}]}}