{"id":3881,"date":"2020-09-21T10:37:09","date_gmt":"2020-09-21T15:37:09","guid":{"rendered":"https:\/\/seglodim.com.mx\/wp\/?post_type=product&#038;p=3881"},"modified":"2023-11-25T13:03:16","modified_gmt":"2023-11-25T19:03:16","slug":"pulidora-para-auto-10","status":"publish","type":"product","link":"https:\/\/seglodim.com.mx\/wp\/producto\/pulidora-para-auto-10\/","title":{"rendered":"Pulidora 10&#8242;, 110 W, Pretul"},"content":{"rendered":"<ul>\n<li>Movimiento aleatorio orbital para una aplicaci\u00f3n m\u00e1s r\u00e1pida y un acabado de calidad.<\/li>\n<li>Con dos mangos ergon\u00f3micos para mayor control.<\/li>\n<li>En el hogar y en la oficina.<\/li>\n<li>Ideal para el encerado y pulido de pinturas, metales, pl\u00e1sticos y fibra de vidrio.<\/li>\n<\/ul>\n","protected":false},"excerpt":{"rendered":"<p>Pulidora para auto. 5 Borlas, tensi\u00f3n 127v, 20 min de trabajo x 10 min de descanso<\/p>\n","protected":false},"featured_media":3882,"comment_status":"open","ping_status":"closed","template":"","meta":[],"product_brand":[],"product_cat":[221,220],"product_tag":[747,252,251,748,749,212],"class_list":{"0":"post-3881","1":"product","2":"type-product","3":"status-publish","4":"has-post-thumbnail","6":"product_cat-herramienta-electrica","7":"product_cat-maquinas-portatiles","8":"product_tag-747","9":"product_tag-herramienta-electrica","10":"product_tag-maquinas-portatiles","11":"product_tag-pula-p","12":"product_tag-pulap","13":"product_tag-truper","15":"first","16":"instock","17":"taxable","18":"shipping-taxable","19":"purchasable","20":"product-type-simple"},"supplier_id":null,"supplier_sku":"","barcode":null,"atum_controlled":true,"out_stock_date":null,"out_stock_threshold":null,"inheritable":false,"inbound_stock":0,"stock_on_hold":0,"sold_today":0,"sales_last_days":0,"reserved_stock":0,"customer_returns":0,"warehouse_damage":0,"lost_in_post":0,"other_logs":0,"out_stock_days":0,"lost_sales":0,"has_location":false,"update_date":"2026-04-28T00:46:39","atum_locations":[],"atum_stock_status":"instock","restock_status":false,"low_stock_amount":"","sales_update_date":"2026-04-28T00:46:39","calc_backorders":null,"yoast_head":"<!-- This site is optimized with the Yoast SEO plugin v27.2 - https:\/\/yoast.com\/product\/yoast-seo-wordpress\/ -->\n<title>Pulidora 10&#039;, 110 W, Pretul - Seglodim<\/title>\n<meta name=\"robots\" content=\"index, follow, max-snippet:-1, max-image-preview:large, max-video-preview:-1\" \/>\n<link rel=\"canonical\" href=\"https:\/\/seglodim.com.mx\/wp\/producto\/pulidora-para-auto-10\/\" \/>\n<meta property=\"og:locale\" content=\"es_MX\" \/>\n<meta property=\"og:type\" content=\"article\" \/>\n<meta property=\"og:title\" content=\"Pulidora 10&#039;, 110 W, Pretul - Seglodim\" \/>\n<meta property=\"og:description\" content=\"Pulidora para auto. 5 Borlas, tensi\u00f3n 127v, 20 min de trabajo x 10 min de descanso\" \/>\n<meta property=\"og:url\" content=\"https:\/\/seglodim.com.mx\/wp\/producto\/pulidora-para-auto-10\/\" \/>\n<meta property=\"og:site_name\" content=\"Seglodim\" \/>\n<meta property=\"article:publisher\" content=\"https:\/\/www.facebook.com\/seglodim.sa.5\" \/>\n<meta property=\"article:modified_time\" content=\"2023-11-25T19:03:16+00:00\" \/>\n<meta property=\"og:image\" content=\"https:\/\/seglodim.com.mx\/wp\/wp-content\/uploads\/2020\/09\/pulidora-10-110-w-pretul-989.jpg\" \/>\n\t<meta property=\"og:image:width\" content=\"1800\" \/>\n\t<meta property=\"og:image:height\" content=\"1800\" \/>\n\t<meta property=\"og:image:type\" content=\"image\/jpeg\" \/>\n<meta name=\"twitter:card\" content=\"summary_large_image\" \/>\n<script type=\"application\/ld+json\" class=\"yoast-schema-graph\">{\"@context\":\"https:\/\/schema.org\",\"@graph\":[{\"@type\":\"WebPage\",\"@id\":\"https:\/\/seglodim.com.mx\/wp\/producto\/pulidora-para-auto-10\/\",\"url\":\"https:\/\/seglodim.com.mx\/wp\/producto\/pulidora-para-auto-10\/\",\"name\":\"Pulidora 10', 110 W, Pretul - Seglodim\",\"isPartOf\":{\"@id\":\"https:\/\/seglodim.com.mx\/wp\/#website\"},\"primaryImageOfPage\":{\"@id\":\"https:\/\/seglodim.com.mx\/wp\/producto\/pulidora-para-auto-10\/#primaryimage\"},\"image\":{\"@id\":\"https:\/\/seglodim.com.mx\/wp\/producto\/pulidora-para-auto-10\/#primaryimage\"},\"thumbnailUrl\":\"https:\/\/seglodim.com.mx\/wp\/wp-content\/uploads\/2020\/09\/pulidora-10-110-w-pretul-989.jpg\",\"datePublished\":\"2020-09-21T15:37:09+00:00\",\"dateModified\":\"2023-11-25T19:03:16+00:00\",\"breadcrumb\":{\"@id\":\"https:\/\/seglodim.com.mx\/wp\/producto\/pulidora-para-auto-10\/#breadcrumb\"},\"inLanguage\":\"es\",\"potentialAction\":[{\"@type\":\"ReadAction\",\"target\":[\"https:\/\/seglodim.com.mx\/wp\/producto\/pulidora-para-auto-10\/\"]}]},{\"@type\":\"ImageObject\",\"inLanguage\":\"es\",\"@id\":\"https:\/\/seglodim.com.mx\/wp\/producto\/pulidora-para-auto-10\/#primaryimage\",\"url\":\"https:\/\/seglodim.com.mx\/wp\/wp-content\/uploads\/2020\/09\/pulidora-10-110-w-pretul-989.jpg\",\"contentUrl\":\"https:\/\/seglodim.com.mx\/wp\/wp-content\/uploads\/2020\/09\/pulidora-10-110-w-pretul-989.jpg\",\"width\":1800,\"height\":1800},{\"@type\":\"BreadcrumbList\",\"@id\":\"https:\/\/seglodim.com.mx\/wp\/producto\/pulidora-para-auto-10\/#breadcrumb\",\"itemListElement\":[{\"@type\":\"ListItem\",\"position\":1,\"name\":\"Inicio\",\"item\":\"https:\/\/seglodim.com.mx\/wp\/\"},{\"@type\":\"ListItem\",\"position\":2,\"name\":\"Tienda\",\"item\":\"https:\/\/seglodim.com.mx\/wp\/tienda\/\"},{\"@type\":\"ListItem\",\"position\":3,\"name\":\"Pulidora 10&#8242;, 110 W, Pretul\"}]},{\"@type\":\"WebSite\",\"@id\":\"https:\/\/seglodim.com.mx\/wp\/#website\",\"url\":\"https:\/\/seglodim.com.mx\/wp\/\",\"name\":\"Seglodim\",\"description\":\"Seglodim\",\"publisher\":{\"@id\":\"https:\/\/seglodim.com.mx\/wp\/#organization\"},\"potentialAction\":[{\"@type\":\"SearchAction\",\"target\":{\"@type\":\"EntryPoint\",\"urlTemplate\":\"https:\/\/seglodim.com.mx\/wp\/?s={search_term_string}\"},\"query-input\":{\"@type\":\"PropertyValueSpecification\",\"valueRequired\":true,\"valueName\":\"search_term_string\"}}],\"inLanguage\":\"es\"},{\"@type\":\"Organization\",\"@id\":\"https:\/\/seglodim.com.mx\/wp\/#organization\",\"name\":\"seglodim\",\"url\":\"https:\/\/seglodim.com.mx\/wp\/\",\"logo\":{\"@type\":\"ImageObject\",\"inLanguage\":\"es\",\"@id\":\"https:\/\/seglodim.com.mx\/wp\/#\/schema\/logo\/image\/\",\"url\":\"https:\/\/seglodim.com.mx\/wp\/wp-content\/uploads\/2020\/09\/segloim-consombra.png\",\"contentUrl\":\"https:\/\/seglodim.com.mx\/wp\/wp-content\/uploads\/2020\/09\/segloim-consombra.png\",\"width\":647,\"height\":259,\"caption\":\"seglodim\"},\"image\":{\"@id\":\"https:\/\/seglodim.com.mx\/wp\/#\/schema\/logo\/image\/\"},\"sameAs\":[\"https:\/\/www.facebook.com\/seglodim.sa.5\"]}]}<\/script>\n<!-- \/ Yoast SEO plugin. -->","yoast_head_json":{"title":"Pulidora 10', 110 W, Pretul - Seglodim","robots":{"index":"index","follow":"follow","max-snippet":"max-snippet:-1","max-image-preview":"max-image-preview:large","max-video-preview":"max-video-preview:-1"},"canonical":"https:\/\/seglodim.com.mx\/wp\/producto\/pulidora-para-auto-10\/","og_locale":"es_MX","og_type":"article","og_title":"Pulidora 10', 110 W, Pretul - Seglodim","og_description":"Pulidora para auto. 5 Borlas, tensi\u00f3n 127v, 20 min de trabajo x 10 min de descanso","og_url":"https:\/\/seglodim.com.mx\/wp\/producto\/pulidora-para-auto-10\/","og_site_name":"Seglodim","article_publisher":"https:\/\/www.facebook.com\/seglodim.sa.5","article_modified_time":"2023-11-25T19:03:16+00:00","og_image":[{"width":1800,"height":1800,"url":"https:\/\/seglodim.com.mx\/wp\/wp-content\/uploads\/2020\/09\/pulidora-10-110-w-pretul-989.jpg","type":"image\/jpeg"}],"twitter_card":"summary_large_image","schema":{"@context":"https:\/\/schema.org","@graph":[{"@type":"WebPage","@id":"https:\/\/seglodim.com.mx\/wp\/producto\/pulidora-para-auto-10\/","url":"https:\/\/seglodim.com.mx\/wp\/producto\/pulidora-para-auto-10\/","name":"Pulidora 10', 110 W, Pretul - Seglodim","isPartOf":{"@id":"https:\/\/seglodim.com.mx\/wp\/#website"},"primaryImageOfPage":{"@id":"https:\/\/seglodim.com.mx\/wp\/producto\/pulidora-para-auto-10\/#primaryimage"},"image":{"@id":"https:\/\/seglodim.com.mx\/wp\/producto\/pulidora-para-auto-10\/#primaryimage"},"thumbnailUrl":"https:\/\/seglodim.com.mx\/wp\/wp-content\/uploads\/2020\/09\/pulidora-10-110-w-pretul-989.jpg","datePublished":"2020-09-21T15:37:09+00:00","dateModified":"2023-11-25T19:03:16+00:00","breadcrumb":{"@id":"https:\/\/seglodim.com.mx\/wp\/producto\/pulidora-para-auto-10\/#breadcrumb"},"inLanguage":"es","potentialAction":[{"@type":"ReadAction","target":["https:\/\/seglodim.com.mx\/wp\/producto\/pulidora-para-auto-10\/"]}]},{"@type":"ImageObject","inLanguage":"es","@id":"https:\/\/seglodim.com.mx\/wp\/producto\/pulidora-para-auto-10\/#primaryimage","url":"https:\/\/seglodim.com.mx\/wp\/wp-content\/uploads\/2020\/09\/pulidora-10-110-w-pretul-989.jpg","contentUrl":"https:\/\/seglodim.com.mx\/wp\/wp-content\/uploads\/2020\/09\/pulidora-10-110-w-pretul-989.jpg","width":1800,"height":1800},{"@type":"BreadcrumbList","@id":"https:\/\/seglodim.com.mx\/wp\/producto\/pulidora-para-auto-10\/#breadcrumb","itemListElement":[{"@type":"ListItem","position":1,"name":"Inicio","item":"https:\/\/seglodim.com.mx\/wp\/"},{"@type":"ListItem","position":2,"name":"Tienda","item":"https:\/\/seglodim.com.mx\/wp\/tienda\/"},{"@type":"ListItem","position":3,"name":"Pulidora 10&#8242;, 110 W, Pretul"}]},{"@type":"WebSite","@id":"https:\/\/seglodim.com.mx\/wp\/#website","url":"https:\/\/seglodim.com.mx\/wp\/","name":"Seglodim","description":"Seglodim","publisher":{"@id":"https:\/\/seglodim.com.mx\/wp\/#organization"},"potentialAction":[{"@type":"SearchAction","target":{"@type":"EntryPoint","urlTemplate":"https:\/\/seglodim.com.mx\/wp\/?s={search_term_string}"},"query-input":{"@type":"PropertyValueSpecification","valueRequired":true,"valueName":"search_term_string"}}],"inLanguage":"es"},{"@type":"Organization","@id":"https:\/\/seglodim.com.mx\/wp\/#organization","name":"seglodim","url":"https:\/\/seglodim.com.mx\/wp\/","logo":{"@type":"ImageObject","inLanguage":"es","@id":"https:\/\/seglodim.com.mx\/wp\/#\/schema\/logo\/image\/","url":"https:\/\/seglodim.com.mx\/wp\/wp-content\/uploads\/2020\/09\/segloim-consombra.png","contentUrl":"https:\/\/seglodim.com.mx\/wp\/wp-content\/uploads\/2020\/09\/segloim-consombra.png","width":647,"height":259,"caption":"seglodim"},"image":{"@id":"https:\/\/seglodim.com.mx\/wp\/#\/schema\/logo\/image\/"},"sameAs":["https:\/\/www.facebook.com\/seglodim.sa.5"]}]}},"_links":{"self":[{"href":"https:\/\/seglodim.com.mx\/wp\/wp-json\/wp\/v2\/product\/3881","targetHints":{"allow":["GET"]}}],"collection":[{"href":"https:\/\/seglodim.com.mx\/wp\/wp-json\/wp\/v2\/product"}],"about":[{"href":"https:\/\/seglodim.com.mx\/wp\/wp-json\/wp\/v2\/types\/product"}],"replies":[{"embeddable":true,"href":"https:\/\/seglodim.com.mx\/wp\/wp-json\/wp\/v2\/comments?post=3881"}],"wp:featuredmedia":[{"embeddable":true,"href":"https:\/\/seglodim.com.mx\/wp\/wp-json\/wp\/v2\/media\/3882"}],"wp:attachment":[{"href":"https:\/\/seglodim.com.mx\/wp\/wp-json\/wp\/v2\/media?parent=3881"}],"wp:term":[{"taxonomy":"product_brand","embeddable":true,"href":"https:\/\/seglodim.com.mx\/wp\/wp-json\/wp\/v2\/product_brand?post=3881"},{"taxonomy":"product_cat","embeddable":true,"href":"https:\/\/seglodim.com.mx\/wp\/wp-json\/wp\/v2\/product_cat?post=3881"},{"taxonomy":"product_tag","embeddable":true,"href":"https:\/\/seglodim.com.mx\/wp\/wp-json\/wp\/v2\/product_tag?post=3881"}],"curies":[{"name":"wp","href":"https:\/\/api.w.org\/{rel}","templated":true}]}}